{"id":286,"date":"2020-05-22T07:40:14","date_gmt":"2020-05-22T07:40:14","guid":{"rendered":"https:\/\/themes.getmotopress.com\/frutta-verde\/?page_id=286"},"modified":"2024-12-13T00:30:46","modified_gmt":"2024-12-12T21:30:46","slug":"about-us","status":"publish","type":"page","link":"https:\/\/www.centralfishes.com.br\/varejo\/about-us\/","title":{"rendered":"Sobre n\u00f3s"},"content":{"rendered":"\t\t<div data-elementor-type=\"wp-page\" data-elementor-id=\"286\" class=\"elementor elementor-286\">\n\t\t\t\t<div class=\"elementor-element elementor-element-2220e9a7 e-con-full e-flex e-con e-parent\" data-id=\"2220e9a7\" data-element_type=\"container\" data-e-type=\"container\">\n\t\t\t\t<div class=\"elementor-element elementor-element-248a781b elementor-widget elementor-widget-text-editor\" data-id=\"248a781b\" data-element_type=\"widget\" data-e-type=\"widget\" data-widget_type=\"text-editor.default\">\n\t\t\t\t<div class=\"elementor-widget-container\">\n\t\t\t\t\t\t\t\t\t\n<div class=\"wp-block-getwid-section alignfull about-delivery-section alignfull getwid-margin-bottom-none getwid-section-content-custom-width\">\n<div class=\"wp-block-getwid-section__wrapper getwid-padding-tablet-top-medium getwid-padding-tablet-bottom-small\" style=\"padding-top: 120px; padding-bottom: 85px;\">\n<div class=\"wp-block-getwid-section__inner-wrapper\" style=\"max-width: 1410px;\">\n<div class=\"wp-block-getwid-section__background-holder\">\n<div class=\"wp-block-getwid-section__background has-background\" style=\"background-color: #f6f4f2;\">\u00a0<\/div>\n<div class=\"wp-block-getwid-section__foreground\">\u00a0<\/div>\n<\/div>\n<div class=\"wp-block-getwid-section__content\">\n<div class=\"wp-block-getwid-section__inner-content\">\n<div class=\"wp-block-columns is-layout-flex wp-container-core-columns-is-layout-9d6595d7 wp-block-columns-is-layout-flex\">\n<div class=\"wp-block-column is-layout-flow wp-block-column-is-layout-flow\">\n<div class=\"wp-block-getwid-image-box is-style-with-background has-text-center has-mobile-layout-default has-mobile-alignment-default\">\n<div class=\"wp-block-getwid-image-box__image-container is-position-top\">\n<div class=\"wp-block-getwid-image-box__image-wrapper\"><img fetchpriority=\"high\" decoding=\"async\" width=\"1002\" height=\"642\" class=\"wp-block-getwid-image-box__image wp-image-3712\" src=\"https:\/\/www.centralfishes.com.br\/varejo\/wp-content\/uploads\/2020\/08\/features1.jpg\" alt=\"\" srcset=\"https:\/\/www.centralfishes.com.br\/varejo\/wp-content\/uploads\/2020\/08\/features1.jpg 1002w, https:\/\/www.centralfishes.com.br\/varejo\/wp-content\/uploads\/2020\/08\/features1-900x577.jpg 900w, https:\/\/www.centralfishes.com.br\/varejo\/wp-content\/uploads\/2020\/08\/features1-300x192.jpg 300w, https:\/\/www.centralfishes.com.br\/varejo\/wp-content\/uploads\/2020\/08\/features1-768x492.jpg 768w, https:\/\/www.centralfishes.com.br\/varejo\/wp-content\/uploads\/2020\/08\/features1-770x493.jpg 770w, https:\/\/www.centralfishes.com.br\/varejo\/wp-content\/uploads\/2020\/08\/features1-330x211.jpg 330w\" sizes=\"(max-width: 1002px) 100vw, 1002px\" \/><\/div>\n<\/div>\n<div class=\"wp-block-getwid-image-box__content\">\n<div class=\"wp-block-getwid-advanced-heading has-custom-font-size fs-mobile-90\" style=\"font-size: 26px;\"><span class=\"wp-block-getwid-advanced-heading__content has-text-color\" style=\"letter-spacing: 0.01em; color: #1d1e21;\">Peixes e frutos do mar frescos e congeladas<\/span><\/div>\n\n<p>Todo sabor do alto mar, processado em bandejas prontas para facilitar o preparo em casa.<\/p>\n\n<div class=\"wp-block-buttons is-layout-flex wp-block-buttons-is-layout-flex\">\n<div class=\"wp-block-button is-style-fill\"><a class=\"wp-block-button__link wp-element-button\" href=\"https:\/\/themes.getmotopress.com\/carni-rosso\/shop\/\">Aproveite agora!<\/a><\/div>\n<\/div>\n<\/div>\n<\/div>\n<\/div>\n\n<div class=\"wp-block-column is-layout-flow wp-block-column-is-layout-flow\">\n<div class=\"wp-block-getwid-image-box is-style-with-background has-text-center has-mobile-layout-default has-mobile-alignment-default\">\n<div class=\"wp-block-getwid-image-box__image-container is-position-top\">\n<div class=\"wp-block-getwid-image-box__image-wrapper\"><img decoding=\"async\" class=\"wp-block-getwid-image-box__image alignnone wp-image-4651 size-medium\" src=\"https:\/\/www.centralfishes.com.br\/varejo\/wp-content\/uploads\/2024\/12\/pargo-pic2-300x192.jpg\" alt=\"\" width=\"300\" height=\"192\" srcset=\"https:\/\/www.centralfishes.com.br\/varejo\/wp-content\/uploads\/2024\/12\/pargo-pic2-300x192.jpg 300w, https:\/\/www.centralfishes.com.br\/varejo\/wp-content\/uploads\/2024\/12\/pargo-pic2-768x492.jpg 768w, https:\/\/www.centralfishes.com.br\/varejo\/wp-content\/uploads\/2024\/12\/pargo-pic2-770x493.jpg 770w, https:\/\/www.centralfishes.com.br\/varejo\/wp-content\/uploads\/2024\/12\/pargo-pic2-330x211.jpg 330w, https:\/\/www.centralfishes.com.br\/varejo\/wp-content\/uploads\/2024\/12\/pargo-pic2-900x577.jpg 900w, https:\/\/www.centralfishes.com.br\/varejo\/wp-content\/uploads\/2024\/12\/pargo-pic2.jpg 1002w\" sizes=\"(max-width: 300px) 100vw, 300px\" \/><\/div>\n<\/div>\n<div class=\"wp-block-getwid-image-box__content\">\n<div class=\"wp-block-getwid-advanced-heading has-custom-font-size fs-mobile-90\" style=\"font-size: 26px;\"><span class=\"wp-block-getwid-advanced-heading__content has-text-color\" style=\"letter-spacing: 0.01em; color: #1d1e21;\">Qualidade inspecionada pelo SIF\/SISP<\/span><\/div>\n\n<p>Bandejas prontas, frescas e congeladas com proced\u00eancia e rastreabilidade.<\/p>\n\n<div class=\"wp-block-buttons is-layout-flex wp-block-buttons-is-layout-flex\">\n<div class=\"wp-block-button is-style-fill\"><a class=\"wp-block-button__link wp-element-button\" href=\"https:\/\/themes.getmotopress.com\/carni-rosso\/shop\/\">Comprove agora!<\/a><\/div>\n<\/div>\n<\/div>\n<\/div>\n<\/div>\n\n<div class=\"wp-block-column is-layout-flow wp-block-column-is-layout-flow\">\n<div class=\"wp-block-getwid-image-box is-style-with-background has-text-center has-mobile-layout-default has-mobile-alignment-default\">\n<div class=\"wp-block-getwid-image-box__image-container is-position-top\">\n<div class=\"wp-block-getwid-image-box__image-wrapper\"><img decoding=\"async\" width=\"1002\" height=\"642\" class=\"wp-block-getwid-image-box__image wp-image-3714\" src=\"https:\/\/www.centralfishes.com.br\/varejo\/wp-content\/uploads\/2020\/08\/features3.jpg\" alt=\"\" srcset=\"https:\/\/www.centralfishes.com.br\/varejo\/wp-content\/uploads\/2020\/08\/features3.jpg 1002w, https:\/\/www.centralfishes.com.br\/varejo\/wp-content\/uploads\/2020\/08\/features3-900x577.jpg 900w, https:\/\/www.centralfishes.com.br\/varejo\/wp-content\/uploads\/2020\/08\/features3-300x192.jpg 300w, https:\/\/www.centralfishes.com.br\/varejo\/wp-content\/uploads\/2020\/08\/features3-768x492.jpg 768w, https:\/\/www.centralfishes.com.br\/varejo\/wp-content\/uploads\/2020\/08\/features3-770x493.jpg 770w, https:\/\/www.centralfishes.com.br\/varejo\/wp-content\/uploads\/2020\/08\/features3-330x211.jpg 330w\" sizes=\"(max-width: 1002px) 100vw, 1002px\" \/><\/div>\n<\/div>\n<div class=\"wp-block-getwid-image-box__content\">\n<div class=\"wp-block-getwid-advanced-heading has-custom-font-size fs-mobile-90\" style=\"font-size: 25px;\"><span class=\"wp-block-getwid-advanced-heading__content has-text-color\" style=\"letter-spacing: 0.01em; color: #1d1e21;\">Entrega r\u00e1pida e programada para sua conveni\u00eancia<\/span><\/div>\n\n<p>Pedindo hoje, voce recebe amanh\u00e3. E voce ainda pode programar o melhor hor\u00e1rio.<\/p>\n\n<div class=\"wp-block-buttons is-layout-flex wp-block-buttons-is-layout-flex\">\n<div class=\"wp-block-button is-style-fill\"><a class=\"wp-block-button__link wp-element-button\" href=\"https:\/\/themes.getmotopress.com\/carni-rosso\/shop\/\">Experimente j\u00e1!<\/a><\/div>\n<\/div>\n<\/div>\n<\/div>\n<\/div>\n\n<div class=\"wp-block-column is-layout-flow wp-block-column-is-layout-flow\">\n<div class=\"wp-block-getwid-image-box is-style-with-background has-text-center has-mobile-layout-default has-mobile-alignment-default\">\n<div class=\"wp-block-getwid-image-box__image-container is-position-top\">\n<div class=\"wp-block-getwid-image-box__image-wrapper\"><img loading=\"lazy\" decoding=\"async\" width=\"1002\" height=\"642\" class=\"wp-block-getwid-image-box__image wp-image-3715\" src=\"https:\/\/www.centralfishes.com.br\/varejo\/wp-content\/uploads\/2020\/08\/features4.jpg\" alt=\"\" srcset=\"https:\/\/www.centralfishes.com.br\/varejo\/wp-content\/uploads\/2020\/08\/features4.jpg 1002w, https:\/\/www.centralfishes.com.br\/varejo\/wp-content\/uploads\/2020\/08\/features4-900x577.jpg 900w, https:\/\/www.centralfishes.com.br\/varejo\/wp-content\/uploads\/2020\/08\/features4-300x192.jpg 300w, https:\/\/www.centralfishes.com.br\/varejo\/wp-content\/uploads\/2020\/08\/features4-768x492.jpg 768w, https:\/\/www.centralfishes.com.br\/varejo\/wp-content\/uploads\/2020\/08\/features4-770x493.jpg 770w, https:\/\/www.centralfishes.com.br\/varejo\/wp-content\/uploads\/2020\/08\/features4-330x211.jpg 330w\" sizes=\"(max-width: 1002px) 100vw, 1002px\" \/><\/div>\n<\/div>\n<div class=\"wp-block-getwid-image-box__content\">\n<div class=\"wp-block-getwid-advanced-heading has-custom-font-size fs-mobile-90\" style=\"font-size: 25px;\"><span class=\"wp-block-getwid-advanced-heading__content has-text-color\" style=\"letter-spacing: 0.01em; color: #1d1e21;\">Aproveite nossas bandejas de sashimi prontos<\/span><\/div>\n\n<p>Vontade de comer um sashimi? Desfrute no conforto de sua casa, pagando menos!<\/p>\n\n<div class=\"wp-block-buttons is-layout-flex wp-block-buttons-is-layout-flex\">\n<div class=\"wp-block-button is-style-fill\"><a class=\"wp-block-button__link wp-element-button\" href=\"https:\/\/themes.getmotopress.com\/carni-rosso\/shop\/\">Confira as alternativas<\/a><\/div>\n<\/div>\n<\/div>\n<\/div>\n<\/div>\n<\/div>\n<\/div>\n<\/div>\n<\/div>\n<\/div>\n<\/div>\n\n<div class=\"wp-block-getwid-section about-quality-section alignfull alignfull getwid-margin-bottom-none getwid-section-content-custom-width\">\n<div class=\"wp-block-getwid-section__wrapper getwid-padding-top-none getwid-padding-bottom-none getwid-padding-left-none getwid-padding-right-none\" style=\"min-height: 580px;\">\n<div class=\"wp-block-getwid-section__inner-wrapper\" style=\"max-width: 1410px;\">\n<div class=\"wp-block-getwid-section__background-holder\">\n<div class=\"wp-block-getwid-section__background\">\u00a0<\/div>\n<div class=\"wp-block-getwid-section__foreground\">\u00a0<\/div>\n<\/div>\n<div class=\"wp-block-getwid-section__content\">\n<div class=\"wp-block-getwid-section__inner-content\">\n<div class=\"wp-block-columns is-layout-flex wp-container-core-columns-is-layout-9d6595d7 wp-block-columns-is-layout-flex\">\n<div class=\"wp-block-column is-vertically-aligned-bottom is-layout-flow wp-block-column-is-layout-flow\">\n<figure class=\"wp-block-image size-full\"><img loading=\"lazy\" decoding=\"async\" width=\"826\" height=\"788\" class=\"wp-image-4568\" src=\"https:\/\/www.centralfishes.com.br\/varejo\/wp-content\/uploads\/2024\/12\/barcos-homologados.jpg\" alt=\"\" srcset=\"https:\/\/www.centralfishes.com.br\/varejo\/wp-content\/uploads\/2024\/12\/barcos-homologados.jpg 826w, https:\/\/www.centralfishes.com.br\/varejo\/wp-content\/uploads\/2024\/12\/barcos-homologados-300x286.jpg 300w, https:\/\/www.centralfishes.com.br\/varejo\/wp-content\/uploads\/2024\/12\/barcos-homologados-768x733.jpg 768w, https:\/\/www.centralfishes.com.br\/varejo\/wp-content\/uploads\/2024\/12\/barcos-homologados-770x735.jpg 770w, https:\/\/www.centralfishes.com.br\/varejo\/wp-content\/uploads\/2024\/12\/barcos-homologados-330x315.jpg 330w\" sizes=\"(max-width: 826px) 100vw, 826px\" \/><\/figure>\n<\/div>\n\n<div class=\"wp-block-column is-layout-flow wp-block-column-is-layout-flow\">\n<div class=\"wp-block-getwid-section getwid-section-content-custom-width\">\n<div class=\"wp-block-getwid-section__wrapper getwid-padding-top-large getwid-align-items-flex-end\">\n<div class=\"wp-block-getwid-section__inner-wrapper\" style=\"max-width: 529px;\">\n<div class=\"wp-block-getwid-section__background-holder\">\n<div class=\"wp-block-getwid-section__background\">\u00a0<\/div>\n<div class=\"wp-block-getwid-section__foreground\">\u00a0<\/div>\n<\/div>\n<div class=\"wp-block-getwid-section__content\">\n<div class=\"wp-block-getwid-section__inner-content\">\n<div class=\"wp-block-getwid-advanced-heading\" style=\"margin-bottom: 30px;\">\n<h2 class=\"wp-block-getwid-advanced-heading__content\" style=\"text-align: left;\">Como n\u00f3s definimos \u201cQualidade\u201d<\/h2>\n<\/div>\n\n<p class=\"has-text-align-left\">A Central Fishes Brasil atua no mercado de pescados e frutos do mar desde 2012. Temos orgulho de fazer parte de uma fam\u00edlia de pescadores e, agora, esta experi\u00eancia no mercado atacadistas chega at\u00e9 voc\u00ea: nosso consumidor final.<\/p>\n\n<p class=\"has-text-align-left\">Entendemos que, al\u00e9m do zelo com as caracter\u00edsticas organol\u00e9pticas (sabor, textura, cheiro, brilho e colora\u00e7\u00e3o) de nossos produtos, nossa meta \u00e9 prestar um servi\u00e7o que leve aos nossos clientes, acesso r\u00e1pido e conveniente ao melhor que nossos oceanos oferecem pelas vias da economia digital.<\/p>\n\n<div class=\"wp-block-getwid-advanced-spacer\" style=\"height: 20px;\" aria-hidden=\"true\">\u00a0<\/div>\n\n<div class=\"wp-block-buttons is-content-justification-left is-layout-flex wp-container-core-buttons-is-layout-fdcfc74e wp-block-buttons-is-layout-flex\">\n<div class=\"wp-block-button\"><a class=\"wp-block-button__link wp-element-button\" href=\"https:\/\/themes.getmotopress.com\/carni-rosso\/shop\/\">Shop Now<\/a><\/div>\n<\/div>\n<\/div>\n<\/div>\n<\/div>\n<\/div>\n<\/div>\n\n<p>\u00a0<\/p>\n<\/div>\n<\/div>\n<\/div>\n<\/div>\n<\/div>\n<\/div>\n<\/div>\n\n<div class=\"wp-block-getwid-section about-black-section alignfull getwid-section-content-custom-width\">\n<div class=\"wp-block-getwid-section__wrapper\" style=\"min-height: 520px;\">\n<div class=\"wp-block-getwid-section__inner-wrapper\" style=\"max-width: 1410px;\">\n<div class=\"wp-block-getwid-section__background-holder\">\n<div class=\"wp-block-getwid-section__background\" style=\"background-image: url('https:\/\/alexsamohin.space\/wp-content\/uploads\/2020\/08\/background.jpg');\">\n<div class=\"wp-block-getwid-section__background-image-wrapper\"><img decoding=\"async\" class=\"wp-block-getwid-section__background-image\" src=\"https:\/\/alexsamohin.space\/wp-content\/uploads\/2020\/08\/background.jpg\" alt=\"\" \/><\/div>\n<\/div>\n<div class=\"wp-block-getwid-section__foreground\">\u00a0<\/div>\n<\/div>\n<div class=\"wp-block-getwid-section__content\">\n<div class=\"wp-block-getwid-section__inner-content\">\n<div class=\"wp-block-columns is-layout-flex wp-container-core-columns-is-layout-9d6595d7 wp-block-columns-is-layout-flex\">\n<div class=\"wp-block-column is-layout-flow wp-block-column-is-layout-flow\">\n<div class=\"wp-block-getwid-banner has-animation-style4 has-text-animation-opacity-bottom has-foreground-0\">\n<div class=\"wp-block-getwid-banner__wrapper\"><img loading=\"lazy\" decoding=\"async\" class=\"wp-block-getwid-banner__image wp-block-getwid-banner__source alignnone wp-image-4700 size-medium\" src=\"https:\/\/www.centralfishes.com.br\/varejo\/wp-content\/uploads\/2024\/12\/chamada1-sobrenos-dark-300x140.jpg\" alt=\"\" width=\"300\" height=\"140\" srcset=\"https:\/\/www.centralfishes.com.br\/varejo\/wp-content\/uploads\/2024\/12\/chamada1-sobrenos-dark-300x140.jpg 300w, https:\/\/www.centralfishes.com.br\/varejo\/wp-content\/uploads\/2024\/12\/chamada1-sobrenos-dark-330x154.jpg 330w, https:\/\/www.centralfishes.com.br\/varejo\/wp-content\/uploads\/2024\/12\/chamada1-sobrenos-dark.jpg 600w\" sizes=\"(max-width: 300px) 100vw, 300px\" \/>\n<div class=\"wp-block-getwid-banner__caption has-text-color\" style=\"color: #ffffff; min-height: 200px;\">\n<div class=\"wp-block-getwid-banner__caption-wrapper\" style=\"max-width: 256px;\"><span class=\"wp-block-getwid-banner__title\">Bandejas prontas frescas e congeladas <\/span><\/div>\n<\/div>\n<\/div>\n<\/div>\n<\/div>\n\n<div class=\"wp-block-column is-layout-flow wp-block-column-is-layout-flow\">\n<div class=\"wp-block-getwid-banner has-animation-style4 has-text-animation-opacity-bottom has-foreground-0\">\n<div class=\"wp-block-getwid-banner__wrapper\"><img loading=\"lazy\" decoding=\"async\" width=\"1380\" height=\"645\" class=\"wp-block-getwid-banner__image wp-block-getwid-banner__source wp-image-3829\" src=\"https:\/\/www.centralfishes.com.br\/varejo\/wp-content\/uploads\/2020\/08\/free-cutting.jpg\" alt=\"\" srcset=\"https:\/\/www.centralfishes.com.br\/varejo\/wp-content\/uploads\/2020\/08\/free-cutting.jpg 1380w, https:\/\/www.centralfishes.com.br\/varejo\/wp-content\/uploads\/2020\/08\/free-cutting-900x421.jpg 900w, https:\/\/www.centralfishes.com.br\/varejo\/wp-content\/uploads\/2020\/08\/free-cutting-300x140.jpg 300w, https:\/\/www.centralfishes.com.br\/varejo\/wp-content\/uploads\/2020\/08\/free-cutting-1024x479.jpg 1024w, https:\/\/www.centralfishes.com.br\/varejo\/wp-content\/uploads\/2020\/08\/free-cutting-768x359.jpg 768w, https:\/\/www.centralfishes.com.br\/varejo\/wp-content\/uploads\/2020\/08\/free-cutting-770x360.jpg 770w, https:\/\/www.centralfishes.com.br\/varejo\/wp-content\/uploads\/2020\/08\/free-cutting-330x154.jpg 330w, https:\/\/www.centralfishes.com.br\/varejo\/wp-content\/uploads\/2020\/08\/free-cutting-1170x547.jpg 1170w, https:\/\/www.centralfishes.com.br\/varejo\/wp-content\/uploads\/2020\/08\/free-cutting-1320x617.jpg 1320w\" sizes=\"(max-width: 1380px) 100vw, 1380px\" \/>\n<div class=\"wp-block-getwid-banner__caption has-text-color has-color-5-color\" style=\"min-height: 200px;\">\n<div class=\"wp-block-getwid-banner__caption-wrapper\" style=\"max-width: 256px;\"><span class=\"wp-block-getwid-banner__title\">Entrega gr\u00e1tis a partir de 5 bandejas <\/span><\/div>\n<\/div>\n<\/div>\n<\/div>\n\n<p>\u00a0<\/p>\n<\/div>\n\n<div class=\"wp-block-column is-layout-flow wp-block-column-is-layout-flow\">\n<div class=\"wp-block-getwid-banner has-animation-style4 has-text-animation-opacity-bottom has-foreground-0\">\n<div class=\"wp-block-getwid-banner__wrapper\"><img loading=\"lazy\" decoding=\"async\" width=\"1380\" height=\"645\" class=\"wp-block-getwid-banner__image wp-block-getwid-banner__source wp-image-3830\" src=\"https:\/\/www.centralfishes.com.br\/varejo\/wp-content\/uploads\/2020\/08\/always-fresh.jpg\" alt=\"\" srcset=\"https:\/\/www.centralfishes.com.br\/varejo\/wp-content\/uploads\/2020\/08\/always-fresh.jpg 1380w, https:\/\/www.centralfishes.com.br\/varejo\/wp-content\/uploads\/2020\/08\/always-fresh-900x421.jpg 900w, https:\/\/www.centralfishes.com.br\/varejo\/wp-content\/uploads\/2020\/08\/always-fresh-300x140.jpg 300w, https:\/\/www.centralfishes.com.br\/varejo\/wp-content\/uploads\/2020\/08\/always-fresh-1024x479.jpg 1024w, https:\/\/www.centralfishes.com.br\/varejo\/wp-content\/uploads\/2020\/08\/always-fresh-768x359.jpg 768w, https:\/\/www.centralfishes.com.br\/varejo\/wp-content\/uploads\/2020\/08\/always-fresh-770x360.jpg 770w, https:\/\/www.centralfishes.com.br\/varejo\/wp-content\/uploads\/2020\/08\/always-fresh-330x154.jpg 330w, https:\/\/www.centralfishes.com.br\/varejo\/wp-content\/uploads\/2020\/08\/always-fresh-1170x547.jpg 1170w, https:\/\/www.centralfishes.com.br\/varejo\/wp-content\/uploads\/2020\/08\/always-fresh-1320x617.jpg 1320w\" sizes=\"(max-width: 1380px) 100vw, 1380px\" \/>\n<div class=\"wp-block-getwid-banner__caption has-text-color has-color-5-color\" style=\"min-height: 200px;\">\n<div class=\"wp-block-getwid-banner__caption-wrapper\" style=\"max-width: 256px;\"><span class=\"wp-block-getwid-banner__title\">Proced\u00eancia e rastreabilidade SIF\/SISP<\/span><\/div>\n<\/div>\n<\/div>\n<\/div>\n<\/div>\n<\/div>\n<\/div>\n<\/div>\n<\/div>\n<\/div>\n<\/div>\n\n<div class=\"wp-block-getwid-section alignfull about-saying alignfull getwid-section-content-custom-width\">\n<div class=\"wp-block-getwid-section__wrapper getwid-padding-bottom-none getwid-padding-tablet-top-small\">\n<div class=\"wp-block-getwid-section__inner-wrapper\" style=\"max-width: 1410px;\">\n<div class=\"wp-block-getwid-section__background-holder\">\n<div class=\"wp-block-getwid-section__background\">\u00a0<\/div>\n<div class=\"wp-block-getwid-section__foreground\">\u00a0<\/div>\n<\/div>\n<div class=\"wp-block-getwid-section__content\">\n<div class=\"wp-block-getwid-section__inner-content\">\n<div class=\"wp-block-columns is-layout-flex wp-container-core-columns-is-layout-9d6595d7 wp-block-columns-is-layout-flex\">\n<div class=\"wp-block-column is-vertically-aligned-center is-layout-flow wp-block-column-is-layout-flow\" style=\"flex-basis: 70%;\">\n<div class=\"wp-block-getwid-section getwid-section-content-custom-width\">\n<div class=\"wp-block-getwid-section__wrapper getwid-padding-tablet-top-small\" style=\"padding-top: 100px;\">\n<div class=\"wp-block-getwid-section__inner-wrapper\" style=\"max-width: 710px;\">\n<div class=\"wp-block-getwid-section__background-holder\">\n<div class=\"wp-block-getwid-section__background\">\u00a0<\/div>\n<div class=\"wp-block-getwid-section__foreground\">\u00a0<\/div>\n<\/div>\n<div class=\"wp-block-getwid-section__content\">\n<div class=\"wp-block-getwid-section__inner-content\">\n<div class=\"wp-block-getwid-advanced-heading is-style-highlight has-custom-font-size fs-tablet-70 fs-mobile-60\" style=\"font-size: 45px;\"><span class=\"wp-block-getwid-advanced-heading__content has-text-color\" style=\"text-align: left; line-height: 45px; color: #1d1e21;\">Refer\u00eancias comerciais<\/span><\/div>\n\n<div class=\"wp-block-getwid-testimonial about-testomonials has-image\">\n<div class=\"wp-block-getwid-testimonial__wrapper\">\n<div class=\"wp-block-getwid-testimonial__content-wrapper\">\n<p class=\"wp-block-getwid-testimonial__content\">O camar\u00e3o e o polvo frescos s\u00e3o mat\u00e9ria prima de nossos pratos mais elogiados. Precis\u00e1vamos contar com um fornecedor que tivesse acesso direto aos barcos para garantirmos um pre\u00e7o competitivo e um produto de alta qualidade. Foi, justamente, isso que encontramos na Central Fishes..<\/p>\n<\/div>\n<div class=\"wp-block-getwid-testimonial__header\">\n<div class=\"wp-block-getwid-testimonial__image-wrapper\">\n<div class=\"wp-block-getwid-testimonial__image\"><img loading=\"lazy\" decoding=\"async\" width=\"150\" height=\"150\" class=\"wp-image-3837\" src=\"https:\/\/themes.getmotopress.com\/carni-rosso\/wp-content\/uploads\/sites\/36\/2020\/08\/user1-150x150.jpg\" alt=\"\" srcset=\"https:\/\/www.centralfishes.com.br\/varejo\/wp-content\/uploads\/2020\/08\/user1-150x150.jpg 150w, https:\/\/www.centralfishes.com.br\/varejo\/wp-content\/uploads\/2020\/08\/user1-100x100.jpg 100w, https:\/\/www.centralfishes.com.br\/varejo\/wp-content\/uploads\/2020\/08\/user1.jpg 264w\" sizes=\"(max-width: 150px) 100vw, 150px\" \/><\/div>\n<\/div>\n<div class=\"wp-block-getwid-testimonial__heading\"><span class=\"wp-block-getwid-testimonial__title\">Ciro Sabella<\/span><span class=\"wp-block-getwid-testimonial__subtitle\">Vinarium Jardins<\/span><\/div>\n<\/div>\n<\/div>\n<\/div>\n<\/div>\n<\/div>\n<\/div>\n<\/div>\n<\/div>\n<\/div>\n\n<div class=\"wp-block-column is-vertically-aligned-bottom is-layout-flow wp-block-column-is-layout-flow\">\n<figure class=\"wp-block-image size-full\"><img loading=\"lazy\" decoding=\"async\" width=\"783\" height=\"830\" class=\"wp-image-3833\" src=\"https:\/\/www.centralfishes.com.br\/varejo\/wp-content\/uploads\/2020\/08\/fish-testimonials.png\" alt=\"\" srcset=\"https:\/\/www.centralfishes.com.br\/varejo\/wp-content\/uploads\/2020\/08\/fish-testimonials.png 783w, https:\/\/www.centralfishes.com.br\/varejo\/wp-content\/uploads\/2020\/08\/fish-testimonials-283x300.png 283w, https:\/\/www.centralfishes.com.br\/varejo\/wp-content\/uploads\/2020\/08\/fish-testimonials-768x814.png 768w, https:\/\/www.centralfishes.com.br\/varejo\/wp-content\/uploads\/2020\/08\/fish-testimonials-770x816.png 770w, https:\/\/www.centralfishes.com.br\/varejo\/wp-content\/uploads\/2020\/08\/fish-testimonials-330x350.png 330w\" sizes=\"(max-width: 783px) 100vw, 783px\" \/><\/figure>\n<\/div>\n<\/div>\n<\/div>\n<\/div>\n<\/div>\n<\/div>\n<\/div>\n\n<p>\u00a0<\/p>\n\t\t\t\t\t\t\t\t<\/div>\n\t\t\t\t<\/div>\n\t\t\t\t<\/div>\n\t\t\t\t<\/div>\n\t\t","protected":false},"excerpt":{"rendered":"<p>A Central Fishes Brasil \u00e9 uma distribuidora de pescados e frutos do mar, frescos e congelados, baseada em S\u00e3o Paulo, SP. Aproveite nossa ampla variedade de produtos, de forma r\u00e1pida, conveniente e na velocidade da era digital.<\/p>\n","protected":false},"author":1,"featured_media":4640,"parent":0,"menu_order":0,"comment_status":"closed","ping_status":"closed","template":"template-image-page.php","meta":{"om_disable_all_campaigns":false,"inline_featured_image":false,"_monsterinsights_skip_tracking":false,"_monsterinsights_sitenote_active":false,"_monsterinsights_sitenote_note":"","_monsterinsights_sitenote_category":0,"_uf_show_specific_survey":0,"_uf_disable_surveys":false,"footnotes":""},"class_list":["post-286","page","type-page","status-publish","has-post-thumbnail","hentry"],"aioseo_notices":[],"jetpack_sharing_enabled":true,"_links":{"self":[{"href":"https:\/\/www.centralfishes.com.br\/varejo\/wp-json\/wp\/v2\/pages\/286","targetHints":{"allow":["GET"]}}],"collection":[{"href":"https:\/\/www.centralfishes.com.br\/varejo\/wp-json\/wp\/v2\/pages"}],"about":[{"href":"https:\/\/www.centralfishes.com.br\/varejo\/wp-json\/wp\/v2\/types\/page"}],"author":[{"embeddable":true,"href":"https:\/\/www.centralfishes.com.br\/varejo\/wp-json\/wp\/v2\/users\/1"}],"replies":[{"embeddable":true,"href":"https:\/\/www.centralfishes.com.br\/varejo\/wp-json\/wp\/v2\/comments?post=286"}],"version-history":[{"count":0,"href":"https:\/\/www.centralfishes.com.br\/varejo\/wp-json\/wp\/v2\/pages\/286\/revisions"}],"wp:featuredmedia":[{"embeddable":true,"href":"https:\/\/www.centralfishes.com.br\/varejo\/wp-json\/wp\/v2\/media\/4640"}],"wp:attachment":[{"href":"https:\/\/www.centralfishes.com.br\/varejo\/wp-json\/wp\/v2\/media?parent=286"}],"curies":[{"name":"wp","href":"https:\/\/api.w.org\/{rel}","templated":true}]}}