{"id":463,"date":"2020-05-26T10:15:04","date_gmt":"2020-05-26T10:15:04","guid":{"rendered":"https:\/\/themes.getmotopress.com\/frutta-verde\/?page_id=463"},"modified":"2025-01-08T22:27:25","modified_gmt":"2025-01-08T19:27:25","slug":"terms-conditions","status":"publish","type":"page","link":"https:\/\/www.centralfishes.com.br\/varejo\/terms-conditions\/","title":{"rendered":"Entregas"},"content":{"rendered":"\n<p><em>Compre 5 bandejas e receba em sua casa &#8211; sem custo adcional. (S\u00e3o Paulo-SP)<\/em><\/p>\n\n\n\n<p>Tendo em vista as dimens\u00f5es de nossa \u00e1rea de atendimento, adotamos as seguintes taxas de servi\u00e7o para viabilizar nossa log\u00edstica de entregas:<\/p>\n\n\n\n<ul class=\"wp-block-list\">\n<li>&#8211; Entregas acima de 5 bandejas para capitais: Gr\u00e1tis (custo zero)<\/li>\n\n\n\n<li>&#8211; Entregas abaixo de 5 bandejas para capitais: R$ 50,00.<\/li>\n\n\n\n<li>&#8211; Entregas acima de 5 bandejas para regi\u00f5es metropolitanas (fora da capital): R$ 50,00.<\/li>\n\n\n\n<li>&#8211; Entregas abaixo de 5 bandejas para regi\u00f5es metropolitanas (fora da capital): <strong>Indispon\u00edvel<\/strong><\/li>\n<\/ul>\n\n\n\n<h2 class=\"wp-block-heading\">Cobertura de entregas<\/h2>\n\n\n\n<p>Dispomos de log\u00edstica pr\u00f3pria para o atendimento das seguintes regi\u00f5es:<\/p>\n\n\n\n<ul class=\"wp-block-list\">\n<li><strong>Capital:<\/strong> S\u00e3o Paulo<\/li>\n\n\n\n<li><strong>Regi\u00e3o Norte:<\/strong> Francisco Morato; Cajamar; Caieiras; Mairipor\u00e3;<\/li>\n\n\n\n<li><strong>Regi\u00e3o Leste: <\/strong>Santa Isabel; Guarulhos; Aruj\u00e1; Itaquaquecetuba; Guararema; Po\u00e1; Ferraz de Vasconcelos; Suzano; Mogi das Cruzes; Biritiba Mirim; Sales\u00f3polis;<\/li>\n\n\n\n<li><strong>Regi\u00e3o Sudeste: <\/strong>S\u00e3o Caetano do Sul; Santo Andr\u00e9; S\u00e3o Bernardo do Campo; Ribeir\u00e3o Pires; Mau\u00e1; Rio Grande da Serra; Diadema;<\/li>\n\n\n\n<li><strong>Regi\u00e3o Oeste:<\/strong> Pirapora do Bom Jesus; Santana de Parna\u00edba; Barueri; Itapevi; Jandira; Osasco; Carapicu\u00edba;<\/li>\n\n\n\n<li><strong>Litoral: <\/strong>Santos, S\u00e3o Vicente e Guaruj\u00e1.<\/li>\n<\/ul>\n\n\n\n<p>Trabalhamos para expandir nossa cobertura de atendimento. Por tanto, atualizaremos esta p\u00e1gina conforme novas cidades sejam inclu\u00eddas. Colabore com nossos esfor\u00e7o de expans\u00e3o informando-nos sobre seu interesse em receber pescados e frutos do mar em sua cidade atrav\u00e9s do <a href=\"mailto: contato@centralfishes.com.br\" target=\"_blank\" rel=\"noopener\" title=\"\">email<\/a> ou <a href=\"https:\/\/wa.me\/551151940797\" target=\"_blank\" rel=\"noopener\" title=\"\">WhatsApp<\/a>.<\/p>\n\n\n\n<h2 class=\"wp-block-heading\">Hor\u00e1rios<\/h2>\n\n\n\n<p>Com planejamento e organiza\u00e7\u00e3o, podemos garantir maior efici\u00eancia na entrega e qualidade de seus pedidos.<\/p>\n\n\n\n<p>Portanto, colabore respeitando os hor\u00e1rios e programe-se para estar presente no momento da entrega, afim de inspecionar seus pescados e frutos do mar e, em seguida, assinar o canhoto de recebimento.<\/p>\n\n\n\n<p><strong>Processamento de pedidos:<\/strong><\/p>\n\n\n\n<ul class=\"wp-block-list\">\n<li>-Segunda \u00e0 Sexta-feira das 00:00 \u00e0s 05:00 horas.<\/li>\n\n\n\n<li>-S\u00e1bados das 0:00 \u00e0s 04:00 horas<\/li>\n<\/ul>\n\n\n\n<p><strong>Entrega de pedidos<\/strong><\/p>\n\n\n\n<ul class=\"wp-block-list\">\n<li>-Segunda \u00e0 Sexta-feira das 8:00 \u00e0s 12:00 horas.<\/li>\n\n\n\n<li>-S\u00e1bados das 8:00 \u00e0s 12:00 horas.<\/li>\n<\/ul>\n\n\n\n<p><strong>ATEN\u00c7\u00c3O:<\/strong> Pedidos recebidos fora destes hor\u00e1rio ser\u00e3o processados no pr\u00f3ximo dia \u00fatil.<\/p>\n","protected":false},"excerpt":{"rendered":"<p>Compre 5 bandejas e receba em sua casa &#8211; sem custo adcional. (S\u00e3o Paulo-SP) Tendo em vista as dimens\u00f5es de nossa \u00e1rea de atendimento, adotamos as seguintes taxas de servi\u00e7o para viabilizar nossa log\u00edstica de entregas: Cobertura de entregas Dispomos de log\u00edstica pr\u00f3pria para o atendimento das seguintes regi\u00f5es: Trabalhamos para expandir nossa cobertura de [&hellip;]<\/p>\n","protected":false},"author":1,"featured_media":0,"parent":0,"menu_order":0,"comment_status":"closed","ping_status":"closed","template":"","meta":{"om_disable_all_campaigns":false,"inline_featured_image":false,"_monsterinsights_skip_tracking":false,"_monsterinsights_sitenote_active":false,"_monsterinsights_sitenote_note":"","_monsterinsights_sitenote_category":0,"_uf_show_specific_survey":0,"_uf_disable_surveys":false,"footnotes":""},"class_list":["post-463","page","type-page","status-publish","hentry"],"aioseo_notices":[],"jetpack_sharing_enabled":true,"_links":{"self":[{"href":"https:\/\/www.centralfishes.com.br\/varejo\/wp-json\/wp\/v2\/pages\/463","targetHints":{"allow":["GET"]}}],"collection":[{"href":"https:\/\/www.centralfishes.com.br\/varejo\/wp-json\/wp\/v2\/pages"}],"about":[{"href":"https:\/\/www.centralfishes.com.br\/varejo\/wp-json\/wp\/v2\/types\/page"}],"author":[{"embeddable":true,"href":"https:\/\/www.centralfishes.com.br\/varejo\/wp-json\/wp\/v2\/users\/1"}],"replies":[{"embeddable":true,"href":"https:\/\/www.centralfishes.com.br\/varejo\/wp-json\/wp\/v2\/comments?post=463"}],"version-history":[{"count":0,"href":"https:\/\/www.centralfishes.com.br\/varejo\/wp-json\/wp\/v2\/pages\/463\/revisions"}],"wp:attachment":[{"href":"https:\/\/www.centralfishes.com.br\/varejo\/wp-json\/wp\/v2\/media?parent=463"}],"curies":[{"name":"wp","href":"https:\/\/api.w.org\/{rel}","templated":true}]}}