{"id":479,"date":"2020-05-28T14:54:53","date_gmt":"2020-05-28T14:54:53","guid":{"rendered":"https:\/\/themes.getmotopress.com\/frutta-verde\/?page_id=479"},"modified":"2025-04-24T04:55:02","modified_gmt":"2025-04-24T01:55:02","slug":"contact-us","status":"publish","type":"page","link":"https:\/\/www.centralfishes.com.br\/varejo\/contact-us\/","title":{"rendered":"Contato"},"content":{"rendered":"\t\t<div data-elementor-type=\"wp-page\" data-elementor-id=\"479\" class=\"elementor elementor-479\">\n\t\t\t\t<div class=\"elementor-element elementor-element-6389dbe8 e-flex e-con-boxed e-con e-parent\" data-id=\"6389dbe8\" data-element_type=\"container\" data-e-type=\"container\">\n\t\t\t\t\t<div class=\"e-con-inner\">\n\t\t\t\t<div class=\"elementor-element elementor-element-6d699143 elementor-widget elementor-widget-text-editor\" data-id=\"6d699143\" data-element_type=\"widget\" data-e-type=\"widget\" data-widget_type=\"text-editor.default\">\n\t\t\t\t<div class=\"elementor-widget-container\">\n\t\t\t\t\t\t\t\t\t<div class=\"wp-block-getwid-section contact-top-section alignfull getwid-margin-bottom-none\">\n<div class=\"wp-block-getwid-section__wrapper\" style=\"min-height: 503px;\">\n<div class=\"wp-block-getwid-section__inner-wrapper\">\n<div class=\"wp-block-getwid-section__background-holder\">\n<div class=\"wp-block-getwid-section__background\" style=\"background-image: url('https:\/\/www.centralfishes.com.br\/varejo\/wp-content\/uploads\/2020\/08\/contact-header.jpg');\">\n<div class=\"wp-block-getwid-section__background-image-wrapper\"><img decoding=\"async\" class=\"wp-block-getwid-section__background-image\" src=\"https:\/\/www.centralfishes.com.br\/varejo\/wp-content\/uploads\/2020\/08\/contact-header.jpg\" alt=\"\" \/><\/div>\n<\/div>\n<div class=\"wp-block-getwid-section__foreground\">\u00a0<\/div>\n<\/div>\n<div class=\"wp-block-getwid-section__content\">\n<div class=\"wp-block-getwid-section__inner-content\">\n<p><\/p>\n<div class=\"wp-block-getwid-advanced-heading has-custom-font-size fs-tablet-70 fs-mobile-60\" style=\"font-size: 45px; margin-bottom: 50px;\">\n<h2 class=\"wp-block-getwid-advanced-heading__content has-text-color has-color-5-color\" style=\"text-align: center;\">Contato<\/h2>\n<\/div>\n<p><\/p>\n<div class=\"wp-block-columns is-layout-flex wp-container-core-columns-is-layout-9d6595d7 wp-block-columns-is-layout-flex\">\n<p><\/p>\n<div class=\"wp-block-column is-layout-flow wp-block-column-is-layout-flow\">\n<p><\/p>\n<h3 class=\"wp-block-heading has-text-align-center has-color-5-color has-text-color\">DADOS CADASTRAIS<\/h3>\n<p><\/p>\n<p class=\"has-text-align-center\">CENTRAL FISHES BRASIL COMERCIO IMPORTA\u00c7\u00c3O E EXPORTA\u00c7\u00c3O DE PESCADOS LTDA &#8211; CNPJ: 53.102.491\/0001-48<\/p>\n<p class=\"has-text-align-center\">Rua Coronel Jos\u00e9 Eus\u00e9bio 95<br \/>Higien\u00f3polis &#8211; S\u00e3o Paulo &#8211; SP<br \/>CEP 01239-030<br \/>+55 (11) 5194-0797<br \/><a href=\"mailto:contato@centralfishes.com.br\">contato@centralfishes.com.br<\/a><\/p>\n<p><span style=\"font-family: var( --e-global-typography-text-font-family ), Sans-serif; font-size: 1rem; font-weight: var( --e-global-typography-text-font-weight ); letter-spacing: 0.03em; text-align: var(--text-align);\">CONFIRA AQUI NOSSAS <a href=\"https:\/\/g.co\/kgs\/JfyDHa7\">AVALIA\u00c7\u00d5ES E REPUTA\u00c7\u00c3O NO GOOGLE<\/a>.<\/span><\/p>\n<\/div>\n<\/div>\n<\/div>\n<\/div>\n<\/div>\n<\/div>\n<\/div>\n<div class=\"wp-block-getwid-section alignfull alignfull getwid-section-content-full-width\" style=\"margin-bottom: -30px;\">\n<div class=\"wp-block-getwid-section__wrapper getwid-padding-top-none getwid-padding-bottom-none getwid-padding-left-none getwid-padding-right-none\">\n<div class=\"wp-block-getwid-section__inner-wrapper\">\n<div class=\"wp-block-getwid-section__content\">\n<div class=\"wp-block-getwid-section__inner-content\">\n<div class=\"wp-block-columns contact-us-map-section\">\n<div class=\"wp-block-column is-vertically-aligned-center\">\n<p><\/p>\n<\/div>\n<p><\/p>\n<\/div>\n<p><\/p>\n<\/div>\n<\/div>\n<\/div>\n<\/div>\n<\/div>\n<p><!-- \/wp:getwid\/section --><\/p>\t\t\t\t\t\t\t\t<\/div>\n\t\t\t\t<\/div>\n\t\t\t\t\t<\/div>\n\t\t\t\t<\/div>\n\t\t\t\t<\/div>\n\t\t","protected":false},"excerpt":{"rendered":"<p>Central Fishes Brasil -Com\u00e9rcio, Importa\u00e7\u00e3o e Exporta\u00e7\u00e3o de Pescados Ltda. CNPJ: 53.102.491\/0001-48<\/p>\n","protected":false},"author":1,"featured_media":0,"parent":0,"menu_order":0,"comment_status":"closed","ping_status":"closed","template":"","meta":{"om_disable_all_campaigns":false,"inline_featured_image":false,"_monsterinsights_skip_tracking":false,"_monsterinsights_sitenote_active":false,"_monsterinsights_sitenote_note":"","_monsterinsights_sitenote_category":0,"_uf_show_specific_survey":0,"_uf_disable_surveys":false,"footnotes":""},"class_list":["post-479","page","type-page","status-publish","hentry"],"aioseo_notices":[],"jetpack_sharing_enabled":true,"_links":{"self":[{"href":"https:\/\/www.centralfishes.com.br\/varejo\/wp-json\/wp\/v2\/pages\/479","targetHints":{"allow":["GET"]}}],"collection":[{"href":"https:\/\/www.centralfishes.com.br\/varejo\/wp-json\/wp\/v2\/pages"}],"about":[{"href":"https:\/\/www.centralfishes.com.br\/varejo\/wp-json\/wp\/v2\/types\/page"}],"author":[{"embeddable":true,"href":"https:\/\/www.centralfishes.com.br\/varejo\/wp-json\/wp\/v2\/users\/1"}],"replies":[{"embeddable":true,"href":"https:\/\/www.centralfishes.com.br\/varejo\/wp-json\/wp\/v2\/comments?post=479"}],"version-history":[{"count":3,"href":"https:\/\/www.centralfishes.com.br\/varejo\/wp-json\/wp\/v2\/pages\/479\/revisions"}],"predecessor-version":[{"id":5119,"href":"https:\/\/www.centralfishes.com.br\/varejo\/wp-json\/wp\/v2\/pages\/479\/revisions\/5119"}],"wp:attachment":[{"href":"https:\/\/www.centralfishes.com.br\/varejo\/wp-json\/wp\/v2\/media?parent=479"}],"curies":[{"name":"wp","href":"https:\/\/api.w.org\/{rel}","templated":true}]}}