{"id":4229,"date":"2024-05-28T17:37:59","date_gmt":"2024-05-28T17:37:59","guid":{"rendered":"https:\/\/www.centralfishes.com.br\/varejo\/?post_type=product&#038;p=4229"},"modified":"2025-05-14T22:52:05","modified_gmt":"2025-05-14T19:52:05","slug":"atum-superfrozen-400g","status":"publish","type":"product","link":"https:\/\/www.centralfishes.com.br\/varejo\/product\/atum-superfrozen-400g\/","title":{"rendered":"Atum Superfrozen, bandeja com 400 gramas"},"content":{"rendered":"<p><strong>Produto:<\/strong> Bandeija de Atum superfrozen (ultra congelado)<br \/>\n<strong>Processamento:<\/strong> Lombo limpo sem pele, sem linha de sangue.<br \/>\n<strong>Esp\u00e9cie\/Nome cient\u00edfico:<\/strong> Galha Amarela, Kihada (Yellowfin), thunnus albacares.<br \/>\n<strong>Proced\u00eancia: Natal-RN<\/strong><\/p>\n<p>Video sugerido (receitas):<br \/>\n<a href=\"https:\/\/www.youtube.com\/watch?v=uVl4kkyqvVM\" target=\"_blank\" rel=\"noopener noreferrer\">Instru\u00e7\u00f5es para descongelamento de atum superfrozen &#8211; V\u00eddeo em ingl\u00eas<\/a><\/p>\n","protected":false},"excerpt":{"rendered":"<p>Lombo de atum, congelado (CO), sem pele, em bandeja com 400 gramas.<\/p>\n","protected":false},"featured_media":4630,"comment_status":"open","ping_status":"closed","template":"","meta":{"om_disable_all_campaigns":false,"inline_featured_image":false,"_monsterinsights_skip_tracking":false,"_monsterinsights_sitenote_active":false,"_monsterinsights_sitenote_note":"","_monsterinsights_sitenote_category":0,"_uf_show_specific_survey":0,"_uf_disable_surveys":false},"product_brand":[],"product_cat":[80,78,121],"product_tag":[112,111],"class_list":{"0":"post-4229","1":"product","2":"type-product","3":"status-publish","4":"has-post-thumbnail","6":"product_cat-atum","7":"product_cat-peixes-congelados","8":"product_cat-superfrozen","9":"product_tag-atum","10":"product_tag-superfrozen","12":"first","13":"instock","14":"sale","15":"shipping-taxable","16":"purchasable","17":"product-type-simple"},"aioseo_notices":[],"jetpack_sharing_enabled":true,"_links":{"self":[{"href":"https:\/\/www.centralfishes.com.br\/varejo\/wp-json\/wp\/v2\/product\/4229","targetHints":{"allow":["GET"]}}],"collection":[{"href":"https:\/\/www.centralfishes.com.br\/varejo\/wp-json\/wp\/v2\/product"}],"about":[{"href":"https:\/\/www.centralfishes.com.br\/varejo\/wp-json\/wp\/v2\/types\/product"}],"replies":[{"embeddable":true,"href":"https:\/\/www.centralfishes.com.br\/varejo\/wp-json\/wp\/v2\/comments?post=4229"}],"wp:featuredmedia":[{"embeddable":true,"href":"https:\/\/www.centralfishes.com.br\/varejo\/wp-json\/wp\/v2\/media\/4630"}],"wp:attachment":[{"href":"https:\/\/www.centralfishes.com.br\/varejo\/wp-json\/wp\/v2\/media?parent=4229"}],"wp:term":[{"taxonomy":"product_brand","embeddable":true,"href":"https:\/\/www.centralfishes.com.br\/varejo\/wp-json\/wp\/v2\/product_brand?post=4229"},{"taxonomy":"product_cat","embeddable":true,"href":"https:\/\/www.centralfishes.com.br\/varejo\/wp-json\/wp\/v2\/product_cat?post=4229"},{"taxonomy":"product_tag","embeddable":true,"href":"https:\/\/www.centralfishes.com.br\/varejo\/wp-json\/wp\/v2\/product_tag?post=4229"}],"curies":[{"name":"wp","href":"https:\/\/api.w.org\/{rel}","templated":true}]}}