{"id":4239,"date":"2024-05-30T15:23:34","date_gmt":"2024-05-30T15:23:34","guid":{"rendered":"https:\/\/www.centralfishes.com.br\/varejo\/?post_type=product&#038;p=4239"},"modified":"2025-01-07T00:02:34","modified_gmt":"2025-01-06T21:02:34","slug":"meca-congelado-400g","status":"publish","type":"product","link":"https:\/\/www.centralfishes.com.br\/varejo\/product\/meca-congelado-400g\/","title":{"rendered":"Meca congelado, bandeja com 400 gramas"},"content":{"rendered":"<p><strong>Produto:<\/strong> Bandeja de Lombo de Meca congelado<br \/>\n<strong>Processamento:<\/strong> Lombo limpo (sem pele)<br \/>\n<strong>Peso l\u00edquido:<\/strong> 400 gramas<br \/>\n<strong>Peso bruto:<\/strong> 600 gramas.<br \/>\n<strong>Porcionamento:<\/strong> 1 (uma) por\u00e7\u00e3o.<br \/>\n<strong>Esp\u00e9cie\/A.K.A.\/Nome cient\u00edfico:<\/strong>Swordfish, Xiphias gladius<br \/>\n<strong>Proced\u00eancia: Esp\u00edrito Santo, Bahia e Santa Catarina<\/strong><br \/>\n<strong>Nota gastron\u00f4mica<\/strong> O peixe Meca tem um sabor suave, mas ligeiramente adocicado e saborosamente gorduroso.<br \/>\n<strong>Nota diet\u00e9tica<\/strong> O peixe Meca tem naturalmente baixo teor de s\u00f3dio e \u00e9 rico em Niacina, uma vitamina B que ajuda a manter o sistema nervoso, o sistema digestivo e a pele saud\u00e1veis; Vitamina B12, uma vitamina que contribui para a produ\u00e7\u00e3o de gl\u00f3bulos vermelhos, fun\u00e7\u00e3o nervosa e metabolismo celular; F\u00f3sforo, um mineral contido nos ossos e dentes; Sel\u00eanio, um mineral que promove o crescimento normal e pode at\u00e9 prevenir alguns tipos de c\u00e2ncer; \u00d4mega-3, um \u00e1cido graxo que pode reduzir o risco de morrer de doen\u00e7as card\u00edacas.<\/p>\n<p><strong>Video sugerido (preparo):<\/strong><br \/>\n<a href=\"https:\/\/www.youtube.com\/watch?v=JLypD3lrD-I\" target=\"_blank\" rel=\"noopener noreferrer\">Reed, The fish monger: Como filetar um peixe meca (aka Swordfish) &#8211; v\u00eddeo em ingl\u00eas<\/a><\/p>\n","protected":false},"excerpt":{"rendered":"<p>Lombo de meca, congelado, com pele, em bandeja com 400 gramas.<\/p>\n","protected":false},"featured_media":4642,"comment_status":"open","ping_status":"closed","template":"","meta":{"om_disable_all_campaigns":false,"inline_featured_image":false,"_monsterinsights_skip_tracking":false,"_monsterinsights_sitenote_active":false,"_monsterinsights_sitenote_note":"","_monsterinsights_sitenote_category":0,"_uf_show_specific_survey":0,"_uf_disable_surveys":false},"product_brand":[],"product_cat":[83,78],"product_tag":[],"class_list":{"0":"post-4239","1":"product","2":"type-product","3":"status-publish","4":"has-post-thumbnail","6":"product_cat-meca","7":"product_cat-peixes-congelados","9":"first","10":"instock","11":"sale","12":"shipping-taxable","13":"purchasable","14":"product-type-simple"},"aioseo_notices":[],"jetpack_sharing_enabled":true,"_links":{"self":[{"href":"https:\/\/www.centralfishes.com.br\/varejo\/wp-json\/wp\/v2\/product\/4239","targetHints":{"allow":["GET"]}}],"collection":[{"href":"https:\/\/www.centralfishes.com.br\/varejo\/wp-json\/wp\/v2\/product"}],"about":[{"href":"https:\/\/www.centralfishes.com.br\/varejo\/wp-json\/wp\/v2\/types\/product"}],"replies":[{"embeddable":true,"href":"https:\/\/www.centralfishes.com.br\/varejo\/wp-json\/wp\/v2\/comments?post=4239"}],"wp:featuredmedia":[{"embeddable":true,"href":"https:\/\/www.centralfishes.com.br\/varejo\/wp-json\/wp\/v2\/media\/4642"}],"wp:attachment":[{"href":"https:\/\/www.centralfishes.com.br\/varejo\/wp-json\/wp\/v2\/media?parent=4239"}],"wp:term":[{"taxonomy":"product_brand","embeddable":true,"href":"https:\/\/www.centralfishes.com.br\/varejo\/wp-json\/wp\/v2\/product_brand?post=4239"},{"taxonomy":"product_cat","embeddable":true,"href":"https:\/\/www.centralfishes.com.br\/varejo\/wp-json\/wp\/v2\/product_cat?post=4239"},{"taxonomy":"product_tag","embeddable":true,"href":"https:\/\/www.centralfishes.com.br\/varejo\/wp-json\/wp\/v2\/product_tag?post=4239"}],"curies":[{"name":"wp","href":"https:\/\/api.w.org\/{rel}","templated":true}]}}