{"id":4248,"date":"2024-05-31T16:45:27","date_gmt":"2024-05-31T16:45:27","guid":{"rendered":"https:\/\/www.centralfishes.com.br\/varejo\/?post_type=product&#038;p=4248"},"modified":"2024-12-10T16:03:47","modified_gmt":"2024-12-10T16:03:47","slug":"file-de-pescada-pam-congelada-900g","status":"publish","type":"product","link":"https:\/\/www.centralfishes.com.br\/varejo\/product\/file-de-pescada-pam-congelada-900g\/","title":{"rendered":"Fil\u00e9 de Pescada Branca (Pam) congelada, bandeja com 900 gramas"},"content":{"rendered":"<p><strong>Produto:<\/strong> Bandeja de fil\u00e9 de pescada branca congelada.<br \/>\n<strong>Processamento:<\/strong> Fil\u00e9 com pele.<br \/>\n<strong>Peso l\u00edquido:<\/strong> 900 gramas.<br \/>\n<strong>Peso bruto:<\/strong> 1200 gramas.<br \/>\n<strong>Porcionamento:<\/strong> 6-8 (seis a oito) por\u00e7\u00f5es.<br \/>\n<strong>Esp\u00e9cie\/Nome cient\u00edfico:<\/strong> Pescada branca, Pescada Pam, Cynoscion leiarchus.<br \/>\n<strong>Proced\u00eancia:<\/strong> S\u00e3o Paulo.<br \/>\n<strong>Nota gastron\u00f4mica:<\/strong> A pescada branca tem sabor ligeiramente adocicado e pode ser preparada de diversas maneiras \u2013 seja cozido, assado, frito ou grelhado.<br \/>\n<strong>Nota nutricional:<\/strong>A pescada branca possui um menor teor de \u00e1cidos gordos \u00f3mega-3 , contudo contribui para a melhoria dos n\u00edveis de colesterol e permite diminuir a press\u00e3o arterial diast\u00f3lica e o per\u00edmetro da cintura.<\/p>\n<p><strong>Video sugerido (receita):<\/strong><br \/>\n<a href=\"https:\/\/www.youtube.com\/watch?v=qGkl2OvXHpA\" target=\"_blank\" rel=\"noopener noreferrer\">Chef Renan Nagao: Pescada branca<\/a><\/p>\n","protected":false},"excerpt":{"rendered":"<p>Fil\u00e9 de Pescada Branca, Pam, congelado, sem pele, em bandeja com 900 gramas<\/p>\n","protected":false},"featured_media":4624,"comment_status":"open","ping_status":"closed","template":"","meta":{"om_disable_all_campaigns":false,"inline_featured_image":false,"_monsterinsights_skip_tracking":false,"_monsterinsights_sitenote_active":false,"_monsterinsights_sitenote_note":"","_monsterinsights_sitenote_category":0,"_uf_show_specific_survey":0,"_uf_disable_surveys":false},"product_brand":[],"product_cat":[78,84],"product_tag":[],"class_list":{"0":"post-4248","1":"product","2":"type-product","3":"status-publish","4":"has-post-thumbnail","6":"product_cat-peixes-congelados","7":"product_cat-pescada-branca","9":"first","10":"instock","11":"sale","12":"shipping-taxable","13":"purchasable","14":"product-type-simple"},"aioseo_notices":[],"jetpack_sharing_enabled":true,"_links":{"self":[{"href":"https:\/\/www.centralfishes.com.br\/varejo\/wp-json\/wp\/v2\/product\/4248","targetHints":{"allow":["GET"]}}],"collection":[{"href":"https:\/\/www.centralfishes.com.br\/varejo\/wp-json\/wp\/v2\/product"}],"about":[{"href":"https:\/\/www.centralfishes.com.br\/varejo\/wp-json\/wp\/v2\/types\/product"}],"replies":[{"embeddable":true,"href":"https:\/\/www.centralfishes.com.br\/varejo\/wp-json\/wp\/v2\/comments?post=4248"}],"wp:featuredmedia":[{"embeddable":true,"href":"https:\/\/www.centralfishes.com.br\/varejo\/wp-json\/wp\/v2\/media\/4624"}],"wp:attachment":[{"href":"https:\/\/www.centralfishes.com.br\/varejo\/wp-json\/wp\/v2\/media?parent=4248"}],"wp:term":[{"taxonomy":"product_brand","embeddable":true,"href":"https:\/\/www.centralfishes.com.br\/varejo\/wp-json\/wp\/v2\/product_brand?post=4248"},{"taxonomy":"product_cat","embeddable":true,"href":"https:\/\/www.centralfishes.com.br\/varejo\/wp-json\/wp\/v2\/product_cat?post=4248"},{"taxonomy":"product_tag","embeddable":true,"href":"https:\/\/www.centralfishes.com.br\/varejo\/wp-json\/wp\/v2\/product_tag?post=4248"}],"curies":[{"name":"wp","href":"https:\/\/api.w.org\/{rel}","templated":true}]}}