{"id":4255,"date":"2024-06-04T14:26:01","date_gmt":"2024-06-04T14:26:01","guid":{"rendered":"https:\/\/www.centralfishes.com.br\/varejo\/?post_type=product&#038;p=4255"},"modified":"2024-12-10T14:25:36","modified_gmt":"2024-12-10T14:25:36","slug":"pescada-cambucu-fresca-400g","status":"publish","type":"product","link":"https:\/\/www.centralfishes.com.br\/varejo\/product\/pescada-cambucu-fresca-400g\/","title":{"rendered":"Pescada Cambucu fresca, bandeja com 400 gramas"},"content":{"rendered":"<p><strong>Produto:<\/strong> Bandeja de fil\u00e9 de pescada cambucu fresca.<br \/>\n<strong>Processamento:<\/strong> Fil\u00e9 com pele.<br \/>\n<strong>Peso l\u00edquido:<\/strong> 400 gramas.<br \/>\n<strong>Peso bruto:<\/strong> 600 gramas.<br \/>\n<strong>Porcionamento:<\/strong> 1 (uma) por\u00e7\u00e3o.<br \/>\n<strong>Esp\u00e9cie\/Nome cient\u00edfico:<\/strong> Pescada cambucu, Cynoscion virescens.<br \/>\n<strong>Proced\u00eancia:<\/strong> Rio Grande do Sul, Santa Catarina.<br \/>\n<strong>Nota gastron\u00f4mica:<\/strong> A pescada cambucu \u00e9 macia, delicada e o sabor \u00e9 suave, o que oferece um bom casamento com o gosto de camar\u00f5es mesclados com ervas finas. D\u00e3o ainda \u00f3timos rolinhos recheados, sashimi e iscas empanadas e fritas. Molhos leves e suaves, de azeite e ervas frescas, s\u00e3o acompanhamentos que real\u00e7am suas qualidades.<br \/>\n<strong>Nota nutricional:<\/strong>A pescada cambucu \u00e9 ideal para quem tem problemas digestivos ou quer emagrecer, pois \u00e9 pobre em gorduras; e fortalece os ossos, gra\u00e7as \u00e0 presen\u00e7a de minerais como c\u00e1lcio e f\u00f3sforo.<\/p>\n<p>Nome cient\u00edfico:<br \/>\n<strong>Video sugerido (receita):<\/strong><br \/>\n<a href=\"https:\/\/www.youtube.com\/watch?v=DSPOQRSYn20\" target=\"_blank\" rel=\"noopener noreferrer\">Fil\u00e9 de pescada cambucu \u00e0 belle meuni\u00e8re.<\/a><\/p>\n","protected":false},"excerpt":{"rendered":"<p>Fil\u00e9 de pescada cambucu fresco, com pele, em bandeja com 400 gramas.<\/p>\n","protected":false},"featured_media":4622,"comment_status":"open","ping_status":"closed","template":"","meta":{"om_disable_all_campaigns":false,"inline_featured_image":false,"_monsterinsights_skip_tracking":false,"_monsterinsights_sitenote_active":false,"_monsterinsights_sitenote_note":"","_monsterinsights_sitenote_category":0,"_uf_show_specific_survey":0,"_uf_disable_surveys":false},"product_brand":[],"product_cat":[44,85],"product_tag":[],"class_list":{"0":"post-4255","1":"product","2":"type-product","3":"status-publish","4":"has-post-thumbnail","6":"product_cat-peixes-frescos","7":"product_cat-pescada-cambucu","9":"first","10":"instock","11":"sale","12":"shipping-taxable","13":"purchasable","14":"product-type-simple"},"aioseo_notices":[],"jetpack_sharing_enabled":true,"_links":{"self":[{"href":"https:\/\/www.centralfishes.com.br\/varejo\/wp-json\/wp\/v2\/product\/4255","targetHints":{"allow":["GET"]}}],"collection":[{"href":"https:\/\/www.centralfishes.com.br\/varejo\/wp-json\/wp\/v2\/product"}],"about":[{"href":"https:\/\/www.centralfishes.com.br\/varejo\/wp-json\/wp\/v2\/types\/product"}],"replies":[{"embeddable":true,"href":"https:\/\/www.centralfishes.com.br\/varejo\/wp-json\/wp\/v2\/comments?post=4255"}],"wp:featuredmedia":[{"embeddable":true,"href":"https:\/\/www.centralfishes.com.br\/varejo\/wp-json\/wp\/v2\/media\/4622"}],"wp:attachment":[{"href":"https:\/\/www.centralfishes.com.br\/varejo\/wp-json\/wp\/v2\/media?parent=4255"}],"wp:term":[{"taxonomy":"product_brand","embeddable":true,"href":"https:\/\/www.centralfishes.com.br\/varejo\/wp-json\/wp\/v2\/product_brand?post=4255"},{"taxonomy":"product_cat","embeddable":true,"href":"https:\/\/www.centralfishes.com.br\/varejo\/wp-json\/wp\/v2\/product_cat?post=4255"},{"taxonomy":"product_tag","embeddable":true,"href":"https:\/\/www.centralfishes.com.br\/varejo\/wp-json\/wp\/v2\/product_tag?post=4255"}],"curies":[{"name":"wp","href":"https:\/\/api.w.org\/{rel}","templated":true}]}}