{"id":4263,"date":"2024-06-19T18:00:23","date_gmt":"2024-06-19T18:00:23","guid":{"rendered":"https:\/\/www.centralfishes.com.br\/varejo\/?post_type=product&#038;p=4263"},"modified":"2024-12-09T21:39:10","modified_gmt":"2024-12-09T21:39:10","slug":"prejereba-congelada-400g","status":"publish","type":"product","link":"https:\/\/www.centralfishes.com.br\/varejo\/product\/prejereba-congelada-400g\/","title":{"rendered":"Fil\u00e9 de Prejereba congelado, bandeja com 400 gramas"},"content":{"rendered":"<p><strong>Produto:<\/strong> Bandeja de fil\u00e9 de prejereba congelada.<br \/>\n<strong>Processamento:<\/strong> Fil\u00e9 com pele.<br \/>\n<strong>Peso l\u00edquido:<\/strong> 400 gramas.<br \/>\n<strong>Peso bruto:<\/strong> 600 gramas.<br \/>\n<strong>Porcionamento:<\/strong> 1 (uma) por\u00e7\u00e3o.<br \/>\n<strong>Esp\u00e9cie\/Nome cient\u00edfico:<\/strong> Lobotes surinamensis<br \/>\n<strong>Proced\u00eancia:<\/strong> Par\u00e1, Maranh\u00e3o.<br \/>\n<strong>Nota gastron\u00f4mica:<\/strong> Se voc\u00ea gosta peixes brancos com carne macia que se desfaz em petalas generosas, vai adorar a prejereba. A carne \u00e9 delicada, rica \u2013 nada menos que requintada. Ela derrete na boca com um toque de sabor do mar e deixa voc\u00ea querendo mais a cada mordida. A carne da prejereba &#8211; como muitas das melhores carnes &#8211; parece expressar contradi\u00e7\u00f5es: como uma carne de sabor t\u00e3o intenso pode ser t\u00e3o suave? Quando \u00e9 t\u00e3o denso, como pode ter um sabor t\u00e3o leve na l\u00edngua? Compacto e firme, escamoso e leve, o sabor \u00e9 um eco das criaturas salgadas que o peixe mastigou &#8211; realmente distinto.<br \/>\n<strong>Nota nutricional:<\/strong>A prejereba do Atl\u00e2ntico tem um teor mais moderado de \u00e1cidos graxos n-3 (390,32 mg\/por\u00e7\u00e3o de 100 g) em compara\u00e7\u00e3o com alguns dos outros peixes, mas \u00e9 uma fonte adequada que possui o menor teor de f\u00f3sforo dos peixes estudados (50,86 mg\/100 g parte). Tamb\u00e9m possui o maior teor de prote\u00ednas (30,06 g\/por\u00e7\u00e3o de 100 g).<\/p>\n<p><strong>Video sugerido (receita):<\/strong><br \/>\n<a href=\"https:\/\/www.youtube.com\/watch?v=JMmVopWdqbA&amp;t=39s\" target=\"_blank\" rel=\"noopener noreferrer\">Prejereba na manteiga e lim\u00e3o &#8211; v\u00eddeo em ingl\u00eas<\/a><\/p>\n","protected":false},"excerpt":{"rendered":"<p>Fil\u00e9 de prejereba congelado, com pele, em bandeja com 400g.<\/p>\n","protected":false},"featured_media":4620,"comment_status":"open","ping_status":"closed","template":"","meta":{"om_disable_all_campaigns":false,"inline_featured_image":false,"_monsterinsights_skip_tracking":false,"_monsterinsights_sitenote_active":false,"_monsterinsights_sitenote_note":"","_monsterinsights_sitenote_category":0,"_uf_show_specific_survey":0,"_uf_disable_surveys":false},"product_brand":[],"product_cat":[78,86],"product_tag":[],"class_list":{"0":"post-4263","1":"product","2":"type-product","3":"status-publish","4":"has-post-thumbnail","6":"product_cat-peixes-congelados","7":"product_cat-prejereba","9":"first","10":"instock","11":"sale","12":"shipping-taxable","13":"purchasable","14":"product-type-simple"},"aioseo_notices":[],"jetpack_sharing_enabled":true,"_links":{"self":[{"href":"https:\/\/www.centralfishes.com.br\/varejo\/wp-json\/wp\/v2\/product\/4263","targetHints":{"allow":["GET"]}}],"collection":[{"href":"https:\/\/www.centralfishes.com.br\/varejo\/wp-json\/wp\/v2\/product"}],"about":[{"href":"https:\/\/www.centralfishes.com.br\/varejo\/wp-json\/wp\/v2\/types\/product"}],"replies":[{"embeddable":true,"href":"https:\/\/www.centralfishes.com.br\/varejo\/wp-json\/wp\/v2\/comments?post=4263"}],"wp:featuredmedia":[{"embeddable":true,"href":"https:\/\/www.centralfishes.com.br\/varejo\/wp-json\/wp\/v2\/media\/4620"}],"wp:attachment":[{"href":"https:\/\/www.centralfishes.com.br\/varejo\/wp-json\/wp\/v2\/media?parent=4263"}],"wp:term":[{"taxonomy":"product_brand","embeddable":true,"href":"https:\/\/www.centralfishes.com.br\/varejo\/wp-json\/wp\/v2\/product_brand?post=4263"},{"taxonomy":"product_cat","embeddable":true,"href":"https:\/\/www.centralfishes.com.br\/varejo\/wp-json\/wp\/v2\/product_cat?post=4263"},{"taxonomy":"product_tag","embeddable":true,"href":"https:\/\/www.centralfishes.com.br\/varejo\/wp-json\/wp\/v2\/product_tag?post=4263"}],"curies":[{"name":"wp","href":"https:\/\/api.w.org\/{rel}","templated":true}]}}