{"id":4269,"date":"2024-06-30T14:58:12","date_gmt":"2024-06-30T14:58:12","guid":{"rendered":"https:\/\/www.centralfishes.com.br\/varejo\/?post_type=product&#038;p=4269"},"modified":"2024-12-09T21:18:29","modified_gmt":"2024-12-09T21:18:29","slug":"namorado-fresco-900g","status":"publish","type":"product","link":"https:\/\/www.centralfishes.com.br\/varejo\/product\/namorado-fresco-900g\/","title":{"rendered":"Namorado fresco, bandeja com 900 gramas"},"content":{"rendered":"<p><strong>Produto:<\/strong> Bandeja de fil\u00e9 de peixe namorado fresco.<br \/>\n<strong>Processamento:<\/strong> Fil\u00e9 com pele.<br \/>\n<strong>Peso l\u00edquido:<\/strong> 400 gramas.<br \/>\n<strong>Peso bruto:<\/strong> 600 gramas.<br \/>\n<strong>Porcionamento:<\/strong> 1 (uma) por\u00e7\u00e3o.<br \/>\n<strong>Esp\u00e9cie\/Nome cient\u00edfico:<\/strong> Pseudopercis numida.<br \/>\n<strong>Proced\u00eancia:<\/strong> Rio de Janeiro, Espirito Santo e S\u00e3o Paulo.<br \/>\n<strong>Nota gastron\u00f4mica:<\/strong> Sabor leve, por isso \u00e9 muito vers\u00e1til. Pode ser feito assado, grelhado, em uma moqueca, ensopado, no papilote, no vapor e pode ser usado cru, para preparo de pratos da culin\u00e1ria japonesa como sashimi, sushi, tataki e poke.<br \/>\n<strong>Nota nutricional:<\/strong>O peixe namorado cru \u00e9 uma excelente fonte de prote\u00ednas, \u00f4mega-3, vitaminas A, D, E e minerais como o c\u00e1lcio, ferro e f\u00f3sforo. Esses nutrientes s\u00e3o importantes para o bom funcionamento do organismo, como fortalecimento dos ossos, melhora da vis\u00e3o, regula\u00e7\u00e3o do sistema nervoso e preven\u00e7\u00e3o de doen\u00e7as cardiovasculares.<br \/>\n<strong>Video sugerido (receita chef Claude Troisgros):<\/strong><br \/>\n<a href=\"https:\/\/www.youtube.com\/watch?v=OksjTvWvpJI\" target=\"_blank\" rel=\"noopener noreferrer\">Peixe namorado \u00e0 forestier<\/a><\/p>\n","protected":false},"excerpt":{"rendered":"<p>Fil\u00e9 de namorado fresco, com pele, em bandeja com 900 gramas.<\/p>\n","protected":false},"featured_media":4615,"comment_status":"open","ping_status":"closed","template":"","meta":{"om_disable_all_campaigns":false,"inline_featured_image":false,"_monsterinsights_skip_tracking":false,"_monsterinsights_sitenote_active":false,"_monsterinsights_sitenote_note":"","_monsterinsights_sitenote_category":0,"_uf_show_specific_survey":0,"_uf_disable_surveys":false},"product_brand":[],"product_cat":[88,44],"product_tag":[],"class_list":{"0":"post-4269","1":"product","2":"type-product","3":"status-publish","4":"has-post-thumbnail","6":"product_cat-namorado","7":"product_cat-peixes-frescos","9":"first","10":"instock","11":"sale","12":"shipping-taxable","13":"purchasable","14":"product-type-simple"},"aioseo_notices":[],"jetpack_sharing_enabled":true,"_links":{"self":[{"href":"https:\/\/www.centralfishes.com.br\/varejo\/wp-json\/wp\/v2\/product\/4269","targetHints":{"allow":["GET"]}}],"collection":[{"href":"https:\/\/www.centralfishes.com.br\/varejo\/wp-json\/wp\/v2\/product"}],"about":[{"href":"https:\/\/www.centralfishes.com.br\/varejo\/wp-json\/wp\/v2\/types\/product"}],"replies":[{"embeddable":true,"href":"https:\/\/www.centralfishes.com.br\/varejo\/wp-json\/wp\/v2\/comments?post=4269"}],"wp:featuredmedia":[{"embeddable":true,"href":"https:\/\/www.centralfishes.com.br\/varejo\/wp-json\/wp\/v2\/media\/4615"}],"wp:attachment":[{"href":"https:\/\/www.centralfishes.com.br\/varejo\/wp-json\/wp\/v2\/media?parent=4269"}],"wp:term":[{"taxonomy":"product_brand","embeddable":true,"href":"https:\/\/www.centralfishes.com.br\/varejo\/wp-json\/wp\/v2\/product_brand?post=4269"},{"taxonomy":"product_cat","embeddable":true,"href":"https:\/\/www.centralfishes.com.br\/varejo\/wp-json\/wp\/v2\/product_cat?post=4269"},{"taxonomy":"product_tag","embeddable":true,"href":"https:\/\/www.centralfishes.com.br\/varejo\/wp-json\/wp\/v2\/product_tag?post=4269"}],"curies":[{"name":"wp","href":"https:\/\/api.w.org\/{rel}","templated":true}]}}