{"id":4274,"date":"2024-06-30T22:13:11","date_gmt":"2024-06-30T22:13:11","guid":{"rendered":"https:\/\/www.centralfishes.com.br\/varejo\/?post_type=product&#038;p=4274"},"modified":"2024-12-09T21:08:50","modified_gmt":"2024-12-09T21:08:50","slug":"namorado-congelado-900g","status":"publish","type":"product","link":"https:\/\/www.centralfishes.com.br\/varejo\/product\/namorado-congelado-900g\/","title":{"rendered":"Fil\u00e9 de Namorado congelado, bandeja com 900 gramas"},"content":{"rendered":"<p><strong>Produto:<\/strong> Bandeja de fil\u00e9 de peixe namorado congelado.<br \/>\n<strong>Processamento:<\/strong> Fil\u00e9 com pele.<br \/>\n<strong>Peso l\u00edquido:<\/strong> 900 gramas.<br \/>\n<strong>Peso bruto:<\/strong> 1200 gramas.<br \/>\n<strong>Porcionamento:<\/strong> 1 (uma) por\u00e7\u00e3o.<br \/>\n<strong>Esp\u00e9cie\/Nome cient\u00edfico:<\/strong> Pseudopercis numida.<br \/>\n<strong>Proced\u00eancia:<\/strong> Rio de Janeiro, Espirito Santo e S\u00e3o Paulo.<br \/>\n<strong>Nota gastron\u00f4mica:<\/strong> Sabor leve, por isso \u00e9 muito vers\u00e1til. Pode ser feito assado, grelhado, em uma moqueca, ensopado, no papilote, no vapor e pode ser usado cru, para preparo de pratos da culin\u00e1ria japonesa como sashimi, sushi, tataki e poke.<br \/>\n<strong>Nota nutricional:<\/strong>O peixe namorado cru \u00e9 uma excelente fonte de prote\u00ednas, \u00f4mega-3, vitaminas A, D, E e minerais como o c\u00e1lcio, ferro e f\u00f3sforo. Esses nutrientes s\u00e3o importantes para o bom funcionamento do organismo, como fortalecimento dos ossos, melhora da vis\u00e3o, regula\u00e7\u00e3o do sistema nervoso e preven\u00e7\u00e3o de doen\u00e7as cardiovasculares.<br \/>\n<strong>Video sugerido (preparo):<\/strong><br \/>\n<a href=\"https:\/\/www.youtube.com\/watch?v=7fzeJI96_S0\" target=\"_blank\" rel=\"noopener noreferrer\">Moqueca de Peixe namorado<\/a><\/p>\n","protected":false},"excerpt":{"rendered":"<p>Produto: Bandeja de fil\u00e9 de peixe namorado congelado. Processamento: Fil\u00e9 com pele. Peso l\u00edquido: 900 gramas. Peso bruto: 1200 gramas. Porcionamento: 1 (uma) por\u00e7\u00e3o. Esp\u00e9cie\/Nome cient\u00edfico: Pseudopercis numida. Proced\u00eancia: Rio de Janeiro, Espirito Santo e S\u00e3o Paulo. Nota gastron\u00f4mica: Sabor leve, por isso \u00e9 muito vers\u00e1til. Pode ser feito assado, grelhado, em uma moqueca, ensopado, [&hellip;]<\/p>\n","protected":false},"featured_media":4614,"comment_status":"open","ping_status":"closed","template":"","meta":{"om_disable_all_campaigns":false,"inline_featured_image":false,"_monsterinsights_skip_tracking":false,"_monsterinsights_sitenote_active":false,"_monsterinsights_sitenote_note":"","_monsterinsights_sitenote_category":0,"_uf_show_specific_survey":0,"_uf_disable_surveys":false},"product_brand":[],"product_cat":[88,78],"product_tag":[],"class_list":{"0":"post-4274","1":"product","2":"type-product","3":"status-publish","4":"has-post-thumbnail","6":"product_cat-namorado","7":"product_cat-peixes-congelados","9":"first","10":"instock","11":"sale","12":"shipping-taxable","13":"purchasable","14":"product-type-simple"},"aioseo_notices":[],"jetpack_sharing_enabled":true,"_links":{"self":[{"href":"https:\/\/www.centralfishes.com.br\/varejo\/wp-json\/wp\/v2\/product\/4274","targetHints":{"allow":["GET"]}}],"collection":[{"href":"https:\/\/www.centralfishes.com.br\/varejo\/wp-json\/wp\/v2\/product"}],"about":[{"href":"https:\/\/www.centralfishes.com.br\/varejo\/wp-json\/wp\/v2\/types\/product"}],"replies":[{"embeddable":true,"href":"https:\/\/www.centralfishes.com.br\/varejo\/wp-json\/wp\/v2\/comments?post=4274"}],"wp:featuredmedia":[{"embeddable":true,"href":"https:\/\/www.centralfishes.com.br\/varejo\/wp-json\/wp\/v2\/media\/4614"}],"wp:attachment":[{"href":"https:\/\/www.centralfishes.com.br\/varejo\/wp-json\/wp\/v2\/media?parent=4274"}],"wp:term":[{"taxonomy":"product_brand","embeddable":true,"href":"https:\/\/www.centralfishes.com.br\/varejo\/wp-json\/wp\/v2\/product_brand?post=4274"},{"taxonomy":"product_cat","embeddable":true,"href":"https:\/\/www.centralfishes.com.br\/varejo\/wp-json\/wp\/v2\/product_cat?post=4274"},{"taxonomy":"product_tag","embeddable":true,"href":"https:\/\/www.centralfishes.com.br\/varejo\/wp-json\/wp\/v2\/product_tag?post=4274"}],"curies":[{"name":"wp","href":"https:\/\/api.w.org\/{rel}","templated":true}]}}