{"id":4277,"date":"2024-07-06T19:23:40","date_gmt":"2024-07-06T19:23:40","guid":{"rendered":"https:\/\/www.centralfishes.com.br\/varejo\/?post_type=product&#038;p=4277"},"modified":"2024-12-09T21:01:01","modified_gmt":"2024-12-09T21:01:01","slug":"sashimi-robalo-400g","status":"publish","type":"product","link":"https:\/\/www.centralfishes.com.br\/varejo\/product\/sashimi-robalo-400g\/","title":{"rendered":"Sashimi de Robalo fresco, bandeja com 400 gramas"},"content":{"rendered":"<p><strong>Produto:<\/strong> Bandeja de sashimi de robalo fresco.<br \/>\n<strong>Processamento:<\/strong> Sashimi.<br \/>\n<strong>Peso l\u00edquido:<\/strong> 400 gramas.<br \/>\n<strong>Peso bruto:<\/strong> 600 gramas.<br \/>\n<strong>Porcionamento:<\/strong> 60 gramas (1 por\u00e7\u00e3o) &#8211; aproximadamente.<br \/>\n<strong>Esp\u00e9cie\/Nome cient\u00edfico:<\/strong> Centropomus undecimalis.<br \/>\n<strong>Proced\u00eancia:<\/strong> Rio de Janeiro, Espirito Santo e S\u00e3o Paulo.<br \/>\n<strong>Nota gastron\u00f4mica:<\/strong> O Robalo tem textura firme, fica branco, escamoso e \u00famido e se adapta \u00e0 maioria das aplica\u00e7\u00f5es culin\u00e1rias.<br \/>\n<strong>Video sugerido (receita):<\/strong><br \/>\n<a href=\"https:\/\/www.youtube.com\/watch?v=rElbEs2h5L8\" target=\"_blank\" rel=\"noopener noreferrer\">Como fazer o sashimi de robalo<\/a><\/p>\n","protected":false},"excerpt":{"rendered":"<p>Sashimi de robalo fresco, em bandeja com 900 gramas.<\/p>\n","protected":false},"featured_media":4613,"comment_status":"open","ping_status":"closed","template":"","meta":{"om_disable_all_campaigns":false,"inline_featured_image":false,"_monsterinsights_skip_tracking":false,"_monsterinsights_sitenote_active":false,"_monsterinsights_sitenote_note":"","_monsterinsights_sitenote_category":0,"_uf_show_specific_survey":0,"_uf_disable_surveys":false},"product_brand":[],"product_cat":[44,89,114],"product_tag":[],"class_list":{"0":"post-4277","1":"product","2":"type-product","3":"status-publish","4":"has-post-thumbnail","6":"product_cat-peixes-frescos","7":"product_cat-robalo","8":"product_cat-sashimi","10":"first","11":"instock","12":"sale","13":"shipping-taxable","14":"purchasable","15":"product-type-simple"},"aioseo_notices":[],"jetpack_sharing_enabled":true,"_links":{"self":[{"href":"https:\/\/www.centralfishes.com.br\/varejo\/wp-json\/wp\/v2\/product\/4277","targetHints":{"allow":["GET"]}}],"collection":[{"href":"https:\/\/www.centralfishes.com.br\/varejo\/wp-json\/wp\/v2\/product"}],"about":[{"href":"https:\/\/www.centralfishes.com.br\/varejo\/wp-json\/wp\/v2\/types\/product"}],"replies":[{"embeddable":true,"href":"https:\/\/www.centralfishes.com.br\/varejo\/wp-json\/wp\/v2\/comments?post=4277"}],"wp:featuredmedia":[{"embeddable":true,"href":"https:\/\/www.centralfishes.com.br\/varejo\/wp-json\/wp\/v2\/media\/4613"}],"wp:attachment":[{"href":"https:\/\/www.centralfishes.com.br\/varejo\/wp-json\/wp\/v2\/media?parent=4277"}],"wp:term":[{"taxonomy":"product_brand","embeddable":true,"href":"https:\/\/www.centralfishes.com.br\/varejo\/wp-json\/wp\/v2\/product_brand?post=4277"},{"taxonomy":"product_cat","embeddable":true,"href":"https:\/\/www.centralfishes.com.br\/varejo\/wp-json\/wp\/v2\/product_cat?post=4277"},{"taxonomy":"product_tag","embeddable":true,"href":"https:\/\/www.centralfishes.com.br\/varejo\/wp-json\/wp\/v2\/product_tag?post=4277"}],"curies":[{"name":"wp","href":"https:\/\/api.w.org\/{rel}","templated":true}]}}