{"id":4286,"date":"2024-07-07T15:06:13","date_gmt":"2024-07-07T15:06:13","guid":{"rendered":"https:\/\/www.centralfishes.com.br\/varejo\/?post_type=product&#038;p=4286"},"modified":"2024-12-08T23:11:28","modified_gmt":"2024-12-08T23:11:28","slug":"sashimi-salmao-900g","status":"publish","type":"product","link":"https:\/\/www.centralfishes.com.br\/varejo\/product\/sashimi-salmao-900g\/","title":{"rendered":"Sashimi de Salm\u00e3o fresco, bandeja com 900 gramas"},"content":{"rendered":"<p><strong>Produto:<\/strong> Bandeja de Sashimi de salm\u00e3o fresco.<br \/>\n<strong>Peso l\u00edquido:<\/strong> 900 gramas.<br \/>\n<strong>Peso bruto:<\/strong> 1100 gramas.<br \/>\n<strong>Porcionamento:<\/strong> 60 gramas (cada) aproximadamente.<br \/>\n<strong>Esp\u00e9cie\/Nome cient\u00edfico:<\/strong> Salmo salar<br \/>\n<strong>Proced\u00eancia:<\/strong> Puerto Montt, Chile.<br \/>\n<strong>Nota gastron\u00f4mica:<\/strong> De modo geral, o salm\u00e3o tem um sabor suave, mas distinto, que costuma ser descrito como amanteigado, rico e levemente adocicado. Algumas esp\u00e9cies de salm\u00e3o podem ter um sabor mais forte e robusto, enquanto outras, como o salm\u00e3o Coho e o salm\u00e3o rosa, t\u00eam um sabor mais suave.<br \/>\n<strong>Video sugerido (receita):<\/strong><br \/>\n<a href=\"https:\/\/www.youtube.com\/watch?v=slJO5GrB26w\" target=\"_blank\" rel=\"noopener noreferrer\">Sashimi de salm\u00e3o do zero<\/a><\/p>\n","protected":false},"excerpt":{"rendered":"<p>Bandeja de sashimi de salm\u00e3o fresco com 900 gramas.<\/p>\n","protected":false},"featured_media":4611,"comment_status":"open","ping_status":"closed","template":"","meta":{"om_disable_all_campaigns":false,"inline_featured_image":false,"_monsterinsights_skip_tracking":false,"_monsterinsights_sitenote_active":false,"_monsterinsights_sitenote_note":"","_monsterinsights_sitenote_category":0,"_uf_show_specific_survey":0,"_uf_disable_surveys":false},"product_brand":[],"product_cat":[44,90,114],"product_tag":[],"class_list":{"0":"post-4286","1":"product","2":"type-product","3":"status-publish","4":"has-post-thumbnail","6":"product_cat-peixes-frescos","7":"product_cat-salmao","8":"product_cat-sashimi","10":"first","11":"instock","12":"sale","13":"shipping-taxable","14":"purchasable","15":"product-type-simple"},"aioseo_notices":[],"jetpack_sharing_enabled":true,"_links":{"self":[{"href":"https:\/\/www.centralfishes.com.br\/varejo\/wp-json\/wp\/v2\/product\/4286","targetHints":{"allow":["GET"]}}],"collection":[{"href":"https:\/\/www.centralfishes.com.br\/varejo\/wp-json\/wp\/v2\/product"}],"about":[{"href":"https:\/\/www.centralfishes.com.br\/varejo\/wp-json\/wp\/v2\/types\/product"}],"replies":[{"embeddable":true,"href":"https:\/\/www.centralfishes.com.br\/varejo\/wp-json\/wp\/v2\/comments?post=4286"}],"wp:featuredmedia":[{"embeddable":true,"href":"https:\/\/www.centralfishes.com.br\/varejo\/wp-json\/wp\/v2\/media\/4611"}],"wp:attachment":[{"href":"https:\/\/www.centralfishes.com.br\/varejo\/wp-json\/wp\/v2\/media?parent=4286"}],"wp:term":[{"taxonomy":"product_brand","embeddable":true,"href":"https:\/\/www.centralfishes.com.br\/varejo\/wp-json\/wp\/v2\/product_brand?post=4286"},{"taxonomy":"product_cat","embeddable":true,"href":"https:\/\/www.centralfishes.com.br\/varejo\/wp-json\/wp\/v2\/product_cat?post=4286"},{"taxonomy":"product_tag","embeddable":true,"href":"https:\/\/www.centralfishes.com.br\/varejo\/wp-json\/wp\/v2\/product_tag?post=4286"}],"curies":[{"name":"wp","href":"https:\/\/api.w.org\/{rel}","templated":true}]}}