{"id":4287,"date":"2024-07-07T22:16:12","date_gmt":"2024-07-07T22:16:12","guid":{"rendered":"https:\/\/www.centralfishes.com.br\/varejo\/?post_type=product&#038;p=4287"},"modified":"2024-12-08T23:09:20","modified_gmt":"2024-12-08T23:09:20","slug":"salmao-congelado-400g","status":"publish","type":"product","link":"https:\/\/www.centralfishes.com.br\/varejo\/product\/salmao-congelado-400g\/","title":{"rendered":"Fil\u00e9 de Salm\u00e3o congelado, bandeja com 400 gramas"},"content":{"rendered":"<p><strong>Produto:<\/strong> Bandeja de fil\u00e9 de salm\u00e3o congelado.<br \/>\n<strong>Processamento:<\/strong> Fil\u00e9 com pele.<br \/>\n<strong>Peso l\u00edquido:<\/strong> 400 gramas.<br \/>\n<strong>Peso bruto:<\/strong> 600 gramas.<br \/>\n<strong>Porcionamento:<\/strong> 1 (uma) por\u00e7\u00e3o.<br \/>\n<strong>Esp\u00e9cie\/Nome cient\u00edfico:<\/strong> Salmo salar.<br \/>\n<strong>Proced\u00eancia:<\/strong> Puerto Montt, Chile.<br \/>\n<strong>Nota gastron\u00f4mica:<\/strong> De modo geral, o salm\u00e3o tem um sabor suave, mas distinto, que costuma ser descrito como amanteigado, rico e levemente adocicado. Algumas esp\u00e9cies de salm\u00e3o podem ter um sabor mais forte e robusto, enquanto outras, como o salm\u00e3o Coho e o salm\u00e3o rosa, t\u00eam um sabor mais suave.<br \/>\n<strong>Video sugerido (receita):<\/strong><br \/>\n<a href=\"https:\/\/www.youtube.com\/watch?v=AvjqOCdR0dM\" target=\"_blank\" rel=\"noopener noreferrer\">Temaki de salm\u00e3o<\/a><\/p>\n","protected":false},"excerpt":{"rendered":"<p>Bandeja com 400 gramas de fil\u00e9 de salma\u00e3o congelado(com pele).<\/p>\n","protected":false},"featured_media":4610,"comment_status":"open","ping_status":"closed","template":"","meta":{"om_disable_all_campaigns":false,"inline_featured_image":false,"_monsterinsights_skip_tracking":false,"_monsterinsights_sitenote_active":false,"_monsterinsights_sitenote_note":"","_monsterinsights_sitenote_category":0,"_uf_show_specific_survey":0,"_uf_disable_surveys":false},"product_brand":[],"product_cat":[78,90],"product_tag":[],"class_list":{"0":"post-4287","1":"product","2":"type-product","3":"status-publish","4":"has-post-thumbnail","6":"product_cat-peixes-congelados","7":"product_cat-salmao","9":"first","10":"instock","11":"sale","12":"shipping-taxable","13":"purchasable","14":"product-type-simple"},"aioseo_notices":[],"jetpack_sharing_enabled":true,"_links":{"self":[{"href":"https:\/\/www.centralfishes.com.br\/varejo\/wp-json\/wp\/v2\/product\/4287","targetHints":{"allow":["GET"]}}],"collection":[{"href":"https:\/\/www.centralfishes.com.br\/varejo\/wp-json\/wp\/v2\/product"}],"about":[{"href":"https:\/\/www.centralfishes.com.br\/varejo\/wp-json\/wp\/v2\/types\/product"}],"replies":[{"embeddable":true,"href":"https:\/\/www.centralfishes.com.br\/varejo\/wp-json\/wp\/v2\/comments?post=4287"}],"wp:featuredmedia":[{"embeddable":true,"href":"https:\/\/www.centralfishes.com.br\/varejo\/wp-json\/wp\/v2\/media\/4610"}],"wp:attachment":[{"href":"https:\/\/www.centralfishes.com.br\/varejo\/wp-json\/wp\/v2\/media?parent=4287"}],"wp:term":[{"taxonomy":"product_brand","embeddable":true,"href":"https:\/\/www.centralfishes.com.br\/varejo\/wp-json\/wp\/v2\/product_brand?post=4287"},{"taxonomy":"product_cat","embeddable":true,"href":"https:\/\/www.centralfishes.com.br\/varejo\/wp-json\/wp\/v2\/product_cat?post=4287"},{"taxonomy":"product_tag","embeddable":true,"href":"https:\/\/www.centralfishes.com.br\/varejo\/wp-json\/wp\/v2\/product_tag?post=4287"}],"curies":[{"name":"wp","href":"https:\/\/api.w.org\/{rel}","templated":true}]}}