{"id":4298,"date":"2024-07-12T20:49:00","date_gmt":"2024-07-12T20:49:00","guid":{"rendered":"https:\/\/www.centralfishes.com.br\/varejo\/?post_type=product&#038;p=4298"},"modified":"2025-04-02T17:54:37","modified_gmt":"2025-04-02T14:54:37","slug":"cacao-congelado-900g","status":"publish","type":"product","link":"https:\/\/www.centralfishes.com.br\/varejo\/product\/cacao-congelado-900g\/","title":{"rendered":"Posta de Ca\u00e7\u00e3o congelado (sem osso), bandeja com 900 gramas"},"content":{"rendered":"<p><strong>Produto:<\/strong> Bandeja de posta de ca\u00e7\u00e3o congelado.<br \/>\n<strong>Processamento:<\/strong> Posta sem osso.<br \/>\n<strong>Peso l\u00edquido:<\/strong> 900 gramas.<br \/>\n<strong>Peso bruto:<\/strong> 1100 gramas.<br \/>\n<strong>Porcionamento:<\/strong> 9 (nove) por\u00e7\u00f5es.<br \/>\n<strong>Esp\u00e9cie\/Nome cient\u00edfico:<\/strong> Carcharhinidae<br \/>\n<strong>Proced\u00eancia:<\/strong> Esp\u00edrito Santo, Rio de Janeiro e S\u00e3o Paulo.<br \/>\n<strong>Nota gastron\u00f4mica:<\/strong> O ca\u00e7\u00e3o \u00e9 um pescado de carne macia e delicada, tem sabor leve e n\u00e3o cont\u00e9m espinhas. Assim ele \u00e9 o peixe mais indicado para crian\u00e7as e idosos. O ca\u00e7\u00e3o cont\u00e9m \u00f4mega 3, sel\u00eanio e vitamina A. Por isso, inseri-lo na dieta ajuda no bom funcionamento do sistema imunol\u00f3gico e na sa\u00fade dos olhos. .<br \/>\n<strong>Video sugerido (receita):<\/strong><br \/>\n<a href=\"https:\/\/www.youtube.com\/watch?v=WdpjkbbkYfo\" target=\"_blank\" rel=\"noopener noreferrer\">Ca\u00e7\u00e3o empanado<\/a><\/p>\n","protected":false},"excerpt":{"rendered":"<p>Posta de ca\u00e7\u00e3o congelado &#8211; sem osso, em bandeja com 900 gramas.<\/p>\n","protected":false},"featured_media":4608,"comment_status":"open","ping_status":"closed","template":"","meta":{"om_disable_all_campaigns":false,"inline_featured_image":false,"_monsterinsights_skip_tracking":false,"_monsterinsights_sitenote_active":false,"_monsterinsights_sitenote_note":"","_monsterinsights_sitenote_category":0,"_uf_show_specific_survey":0,"_uf_disable_surveys":false},"product_brand":[],"product_cat":[92,78],"product_tag":[],"class_list":{"0":"post-4298","1":"product","2":"type-product","3":"status-publish","4":"has-post-thumbnail","6":"product_cat-cacao","7":"product_cat-peixes-congelados","9":"first","10":"instock","11":"sale","12":"shipping-taxable","13":"purchasable","14":"product-type-simple"},"aioseo_notices":[],"jetpack_sharing_enabled":true,"_links":{"self":[{"href":"https:\/\/www.centralfishes.com.br\/varejo\/wp-json\/wp\/v2\/product\/4298","targetHints":{"allow":["GET"]}}],"collection":[{"href":"https:\/\/www.centralfishes.com.br\/varejo\/wp-json\/wp\/v2\/product"}],"about":[{"href":"https:\/\/www.centralfishes.com.br\/varejo\/wp-json\/wp\/v2\/types\/product"}],"replies":[{"embeddable":true,"href":"https:\/\/www.centralfishes.com.br\/varejo\/wp-json\/wp\/v2\/comments?post=4298"}],"wp:featuredmedia":[{"embeddable":true,"href":"https:\/\/www.centralfishes.com.br\/varejo\/wp-json\/wp\/v2\/media\/4608"}],"wp:attachment":[{"href":"https:\/\/www.centralfishes.com.br\/varejo\/wp-json\/wp\/v2\/media?parent=4298"}],"wp:term":[{"taxonomy":"product_brand","embeddable":true,"href":"https:\/\/www.centralfishes.com.br\/varejo\/wp-json\/wp\/v2\/product_brand?post=4298"},{"taxonomy":"product_cat","embeddable":true,"href":"https:\/\/www.centralfishes.com.br\/varejo\/wp-json\/wp\/v2\/product_cat?post=4298"},{"taxonomy":"product_tag","embeddable":true,"href":"https:\/\/www.centralfishes.com.br\/varejo\/wp-json\/wp\/v2\/product_tag?post=4298"}],"curies":[{"name":"wp","href":"https:\/\/api.w.org\/{rel}","templated":true}]}}