{"id":4300,"date":"2024-07-13T12:06:17","date_gmt":"2024-07-13T12:06:17","guid":{"rendered":"https:\/\/www.centralfishes.com.br\/varejo\/?post_type=product&#038;p=4300"},"modified":"2025-01-29T23:02:55","modified_gmt":"2025-01-29T20:02:55","slug":"bacalhau-gadusmorhua-1kg","status":"publish","type":"product","link":"https:\/\/www.centralfishes.com.br\/varejo\/product\/bacalhau-gadusmorhua-1kg\/","title":{"rendered":"Bacalhau Gadus Morhua congelado, embalagem com 1kg"},"content":{"rendered":"<p><strong>Produto:<\/strong> Posta de Bacalhau Gadus Morhua.<br \/>\n<strong>Processamento:<\/strong> Lombo com pele.<br \/>\n<strong>Peso l\u00edquido:<\/strong> 1 quilograma.<br \/>\n<strong>Peso bruto:<\/strong> 1100 quilogramas.<br \/>\n<strong>Porcionamento:<\/strong> 3-4 (tres a quatro) por\u00e7\u00f5es.<br \/>\n<strong>Esp\u00e9cie\/Nome cient\u00edfico:<\/strong> Gadus morhua.<br \/>\n<strong>Proced\u00eancia:<\/strong> Portugal.<br \/>\n<strong>Nota gastron\u00f4mica:<\/strong> Bacalhau do Atl\u00e2ntico \u00e9 um pouco mais doce que o bacalhau do Pac\u00edfico, com polpa transl\u00facida de cor branca a rosa quando cru, que fica branca quando cozido. O bacalhau \u00e9 uma fonte de prote\u00edna com baixo teor de gordura, o que o torna uma excelente escolha para pessoas que desejam reduzir a ingest\u00e3o de gordura e melhorar a sa\u00fade do cora\u00e7\u00e3o. O bacalhau tamb\u00e9m cont\u00e9m uma quantidade significativa de iodo, um mineral importante para o funcionamento da tireoide.<br \/>\n<strong>Video sugerido (receita):<\/strong><br \/>\n<a href=\"https:\/\/www.youtube.com\/watch?v=yUPuqaFjkXo&amp;t=177s\" target=\"_blank\" rel=\"noopener noreferrer\">Bacalhoada: receita super f\u00e1cil!<\/a><\/p>\n","protected":false},"excerpt":{"rendered":"<p>Posta de Bacalhau Gadus morhua em emabalagem de 1 quilograma.<\/p>\n","protected":false},"featured_media":4607,"comment_status":"open","ping_status":"closed","template":"","meta":{"om_disable_all_campaigns":false,"inline_featured_image":false,"_monsterinsights_skip_tracking":false,"_monsterinsights_sitenote_active":false,"_monsterinsights_sitenote_note":"","_monsterinsights_sitenote_category":0,"_uf_show_specific_survey":0,"_uf_disable_surveys":false},"product_brand":[],"product_cat":[93,78],"product_tag":[],"class_list":{"0":"post-4300","1":"product","2":"type-product","3":"status-publish","4":"has-post-thumbnail","6":"product_cat-bacalhau","7":"product_cat-peixes-congelados","9":"first","10":"instock","11":"sale","12":"shipping-taxable","13":"purchasable","14":"product-type-simple"},"aioseo_notices":[],"jetpack_sharing_enabled":true,"_links":{"self":[{"href":"https:\/\/www.centralfishes.com.br\/varejo\/wp-json\/wp\/v2\/product\/4300","targetHints":{"allow":["GET"]}}],"collection":[{"href":"https:\/\/www.centralfishes.com.br\/varejo\/wp-json\/wp\/v2\/product"}],"about":[{"href":"https:\/\/www.centralfishes.com.br\/varejo\/wp-json\/wp\/v2\/types\/product"}],"replies":[{"embeddable":true,"href":"https:\/\/www.centralfishes.com.br\/varejo\/wp-json\/wp\/v2\/comments?post=4300"}],"wp:featuredmedia":[{"embeddable":true,"href":"https:\/\/www.centralfishes.com.br\/varejo\/wp-json\/wp\/v2\/media\/4607"}],"wp:attachment":[{"href":"https:\/\/www.centralfishes.com.br\/varejo\/wp-json\/wp\/v2\/media?parent=4300"}],"wp:term":[{"taxonomy":"product_brand","embeddable":true,"href":"https:\/\/www.centralfishes.com.br\/varejo\/wp-json\/wp\/v2\/product_brand?post=4300"},{"taxonomy":"product_cat","embeddable":true,"href":"https:\/\/www.centralfishes.com.br\/varejo\/wp-json\/wp\/v2\/product_cat?post=4300"},{"taxonomy":"product_tag","embeddable":true,"href":"https:\/\/www.centralfishes.com.br\/varejo\/wp-json\/wp\/v2\/product_tag?post=4300"}],"curies":[{"name":"wp","href":"https:\/\/api.w.org\/{rel}","templated":true}]}}