{"id":4302,"date":"2024-07-13T16:22:05","date_gmt":"2024-07-13T16:22:05","guid":{"rendered":"https:\/\/www.centralfishes.com.br\/varejo\/?post_type=product&#038;p=4302"},"modified":"2024-12-08T22:48:49","modified_gmt":"2024-12-08T22:48:49","slug":"linguado-fresco-900g","status":"publish","type":"product","link":"https:\/\/www.centralfishes.com.br\/varejo\/product\/linguado-fresco-900g\/","title":{"rendered":"Linguado fresco, bandeja com 900 gramas"},"content":{"rendered":"<p><strong>Produto:<\/strong> Bandeja de fil\u00e9 linguado fresco.<br \/>\n<strong>Processamento:<\/strong> Fil\u00e9 com pele<br \/>\n<strong>Peso l\u00edquido:<\/strong> 400 gramas.<br \/>\n<strong>Peso bruto:<\/strong> 600 gramas.<br \/>\n<strong>Porcionamento:<\/strong> 3-4 (tr\u00eas a quatro) por\u00e7\u00f5es.<br \/>\n<strong>Esp\u00e9cie\/Nome cient\u00edfico:<\/strong> Solea<br \/>\n<strong>Proced\u00eancia:<\/strong> Rio de Janeiro e S\u00e3o Paulo.<br \/>\n<strong>Nota gastron\u00f4mica:<\/strong>O linguado tem sabor suave e levemente adocicado, um tanto semelhante ao da til\u00e1pia cruzada com bacalhau. Tem sabor leve e delicado, mas tem textura mais firme que a da til\u00e1pia ou do bacalhau.<br \/>\nO linguado tem uma textura \u00fanica em compara\u00e7\u00e3o com muitas esp\u00e9cies com suavidade semelhante. \u00c9 firme (compar\u00e1vel \u00e0 firmeza da garoupa, mas com menor teor de \u00f3leo). Muitas vezes, o linguado \u00e9 descrito como tendo um toque carnudo devido \u00e0 textura firme e r\u00edgida.<br \/>\nO linguado fornece \u00e1cidos graxos ben\u00e9ficos como o \u00e1cido eicosapentaen\u00f3ico (EPA) e o \u00e1cido docosahexaen\u00f3ico (DHA). O principal benef\u00edcio para a sa\u00fade do linguado vem do fornecimento de prote\u00ednas sem muita gordura.<br \/>\n<strong>Video sugerido (receita):<\/strong><br \/>\n<a href=\"https:\/\/www.youtube.com\/watch?v=qTplWwB5slI\" target=\"_blank\" rel=\"noopener noreferrer\">Fil\u00e9 de linguado com batatas<\/a><\/p>\n","protected":false},"excerpt":{"rendered":"<p>Fil\u00e9 de Linguado m\u00e9dio fresco &#8211; com pele, em bandeja com 900 gramas.<\/p>\n","protected":false},"featured_media":4606,"comment_status":"open","ping_status":"closed","template":"","meta":{"om_disable_all_campaigns":false,"inline_featured_image":false,"_monsterinsights_skip_tracking":false,"_monsterinsights_sitenote_active":false,"_monsterinsights_sitenote_note":"","_monsterinsights_sitenote_category":0,"_uf_show_specific_survey":0,"_uf_disable_surveys":false},"product_brand":[],"product_cat":[94,44],"product_tag":[],"class_list":{"0":"post-4302","1":"product","2":"type-product","3":"status-publish","4":"has-post-thumbnail","6":"product_cat-linguado","7":"product_cat-peixes-frescos","9":"first","10":"instock","11":"sale","12":"shipping-taxable","13":"purchasable","14":"product-type-simple"},"aioseo_notices":[],"jetpack_sharing_enabled":true,"_links":{"self":[{"href":"https:\/\/www.centralfishes.com.br\/varejo\/wp-json\/wp\/v2\/product\/4302","targetHints":{"allow":["GET"]}}],"collection":[{"href":"https:\/\/www.centralfishes.com.br\/varejo\/wp-json\/wp\/v2\/product"}],"about":[{"href":"https:\/\/www.centralfishes.com.br\/varejo\/wp-json\/wp\/v2\/types\/product"}],"replies":[{"embeddable":true,"href":"https:\/\/www.centralfishes.com.br\/varejo\/wp-json\/wp\/v2\/comments?post=4302"}],"wp:featuredmedia":[{"embeddable":true,"href":"https:\/\/www.centralfishes.com.br\/varejo\/wp-json\/wp\/v2\/media\/4606"}],"wp:attachment":[{"href":"https:\/\/www.centralfishes.com.br\/varejo\/wp-json\/wp\/v2\/media?parent=4302"}],"wp:term":[{"taxonomy":"product_brand","embeddable":true,"href":"https:\/\/www.centralfishes.com.br\/varejo\/wp-json\/wp\/v2\/product_brand?post=4302"},{"taxonomy":"product_cat","embeddable":true,"href":"https:\/\/www.centralfishes.com.br\/varejo\/wp-json\/wp\/v2\/product_cat?post=4302"},{"taxonomy":"product_tag","embeddable":true,"href":"https:\/\/www.centralfishes.com.br\/varejo\/wp-json\/wp\/v2\/product_tag?post=4302"}],"curies":[{"name":"wp","href":"https:\/\/api.w.org\/{rel}","templated":true}]}}