{"id":4308,"date":"2024-07-14T17:57:00","date_gmt":"2024-07-14T17:57:00","guid":{"rendered":"https:\/\/www.centralfishes.com.br\/varejo\/?post_type=product&#038;p=4308"},"modified":"2025-01-05T23:56:01","modified_gmt":"2025-01-05T20:56:01","slug":"pescadaamarela-fresca-900g","status":"publish","type":"product","link":"https:\/\/www.centralfishes.com.br\/varejo\/product\/pescadaamarela-fresca-900g\/","title":{"rendered":"Pescada Amarela fresca, bandeja com 900 gramas"},"content":{"rendered":"<p><strong>Produto:<\/strong> Bandeja de fil\u00e9 de Pescada Amarela fresca.<br \/>\n<strong>Processamento:<\/strong> Fil\u00e9 com pele.<br \/>\n<strong>Peso l\u00edquido:<\/strong> 900 gramas.<br \/>\n<strong>Peso bruto:<\/strong> 1100 gramas.<br \/>\n<strong>Porcionamento:<\/strong> 2 (duas) por\u00e7\u00f5es.<br \/>\n<strong>Esp\u00e9cie\/Nome cient\u00edfico:<\/strong> Cynoscian acoupa<br \/>\n<strong>Proced\u00eancia:<\/strong> Maranh\u00e3o e Par\u00e1.<br \/>\n<strong>Nota gastron\u00f4mica:<\/strong>A pescada amarela tem sabor suave e doce, com polpa firme e em grandes flocos, semelhante \u00e0 garoupa. Simplesmente delicioso, mas com disponibilidade limitada. A pescada amarela \u00e9 uma excelente fonte de prote\u00edna magra. Rica em vitamina B12 e \u00e1cidos graxos \u00f4mega-3.<br \/>\n<strong>Video sugerido (receita):<\/strong><br \/>\n<a href=\"https:\/\/www.youtube.com\/watch?v=yEyCfBNb_VI\" target=\"_blank\" rel=\"noopener noreferrer\">Pescada amarela com crostas de ervas<\/a><\/p>\n","protected":false},"excerpt":{"rendered":"<p>Fil\u00e9 de Pescada Amarela fresca &#8211; com pele, em bandeja com 900 gramas.<\/p>\n","protected":false},"featured_media":4605,"comment_status":"open","ping_status":"closed","template":"","meta":{"om_disable_all_campaigns":false,"inline_featured_image":false,"_monsterinsights_skip_tracking":false,"_monsterinsights_sitenote_active":false,"_monsterinsights_sitenote_note":"","_monsterinsights_sitenote_category":0,"_uf_show_specific_survey":0,"_uf_disable_surveys":false},"product_brand":[],"product_cat":[94,44,95],"product_tag":[],"class_list":{"0":"post-4308","1":"product","2":"type-product","3":"status-publish","4":"has-post-thumbnail","6":"product_cat-linguado","7":"product_cat-peixes-frescos","8":"product_cat-pescada-amarela","10":"first","11":"instock","12":"sale","13":"shipping-taxable","14":"purchasable","15":"product-type-simple"},"aioseo_notices":[],"jetpack_sharing_enabled":true,"_links":{"self":[{"href":"https:\/\/www.centralfishes.com.br\/varejo\/wp-json\/wp\/v2\/product\/4308","targetHints":{"allow":["GET"]}}],"collection":[{"href":"https:\/\/www.centralfishes.com.br\/varejo\/wp-json\/wp\/v2\/product"}],"about":[{"href":"https:\/\/www.centralfishes.com.br\/varejo\/wp-json\/wp\/v2\/types\/product"}],"replies":[{"embeddable":true,"href":"https:\/\/www.centralfishes.com.br\/varejo\/wp-json\/wp\/v2\/comments?post=4308"}],"wp:featuredmedia":[{"embeddable":true,"href":"https:\/\/www.centralfishes.com.br\/varejo\/wp-json\/wp\/v2\/media\/4605"}],"wp:attachment":[{"href":"https:\/\/www.centralfishes.com.br\/varejo\/wp-json\/wp\/v2\/media?parent=4308"}],"wp:term":[{"taxonomy":"product_brand","embeddable":true,"href":"https:\/\/www.centralfishes.com.br\/varejo\/wp-json\/wp\/v2\/product_brand?post=4308"},{"taxonomy":"product_cat","embeddable":true,"href":"https:\/\/www.centralfishes.com.br\/varejo\/wp-json\/wp\/v2\/product_cat?post=4308"},{"taxonomy":"product_tag","embeddable":true,"href":"https:\/\/www.centralfishes.com.br\/varejo\/wp-json\/wp\/v2\/product_tag?post=4308"}],"curies":[{"name":"wp","href":"https:\/\/api.w.org\/{rel}","templated":true}]}}