{"id":4319,"date":"2024-08-13T18:09:43","date_gmt":"2024-08-13T18:09:43","guid":{"rendered":"https:\/\/www.centralfishes.com.br\/varejo\/?post_type=product&#038;p=4319"},"modified":"2024-12-08T22:27:19","modified_gmt":"2024-12-08T22:27:19","slug":"sashimi-tilapia-400g","status":"publish","type":"product","link":"https:\/\/www.centralfishes.com.br\/varejo\/product\/sashimi-tilapia-400g\/","title":{"rendered":"Sashimi de Til\u00e1pia, bandeja com 400 gramas"},"content":{"rendered":"<p><strong>Produto:<\/strong> Bandeja de sashimi de til\u00e1pia.<br \/>\n<strong>Peso l\u00edquido:<\/strong> 400 gramas.<br \/>\n<strong>Peso bruto:<\/strong> 600 gramas.<br \/>\n<strong>Porcionamento:<\/strong> Sashimi.<br \/>\n<strong>Esp\u00e9cie\/Nome cient\u00edfico:<\/strong> Oreochromis niloticus<br \/>\n<strong>Proced\u00eancia:<\/strong> Mato Grosso e S\u00e3o Paulo<br \/>\n<strong>Nota gastron\u00f4mica:<\/strong>A til\u00e1pia \u00e9 um peixe resistente e de r\u00e1pido crescimento, que pode viver at\u00e9 dez anos e atingir cinco quilos de peso. As til\u00e1pias t\u00eam o formato de um peixe-lua e s\u00e3o facilmente identific\u00e1veis \u200b\u200bpela linha lateral interrompida caracter\u00edstica da fam\u00edlia de peixes Chiclid. A Til\u00e1pia tem textura delicada, \u00e9 perfeita para os mais diversos preparos culin\u00e1rios. Conhecida por seu sabor suave e agrad\u00e1vel, a til\u00e1pia absorve facilmente os temperos e combina bem com diversos acompanhamentos e t\u00e9cnicas de preparo.<\/p>\n<p><strong>Video sugerido (receita):<\/strong><br \/>\n<a href=\"https:\/\/www.youtube.com\/watch?v=OaobLkopPsY\" target=\"_blank\" rel=\"noopener noreferrer\">Sashimi de tilapia<\/a><\/p>\n","protected":false},"excerpt":{"rendered":"<p>Sashimi de Til\u00e1pia, em bandeja com 400 gramas.<\/p>\n","protected":false},"featured_media":4603,"comment_status":"open","ping_status":"closed","template":"","meta":{"om_disable_all_campaigns":false,"inline_featured_image":false,"_monsterinsights_skip_tracking":false,"_monsterinsights_sitenote_active":false,"_monsterinsights_sitenote_note":"","_monsterinsights_sitenote_category":0,"_uf_show_specific_survey":0,"_uf_disable_surveys":false},"product_brand":[],"product_cat":[96],"product_tag":[],"class_list":{"0":"post-4319","1":"product","2":"type-product","3":"status-publish","4":"has-post-thumbnail","6":"product_cat-tilapia","8":"first","9":"instock","10":"sale","11":"shipping-taxable","12":"purchasable","13":"product-type-simple"},"aioseo_notices":[],"jetpack_sharing_enabled":true,"_links":{"self":[{"href":"https:\/\/www.centralfishes.com.br\/varejo\/wp-json\/wp\/v2\/product\/4319","targetHints":{"allow":["GET"]}}],"collection":[{"href":"https:\/\/www.centralfishes.com.br\/varejo\/wp-json\/wp\/v2\/product"}],"about":[{"href":"https:\/\/www.centralfishes.com.br\/varejo\/wp-json\/wp\/v2\/types\/product"}],"replies":[{"embeddable":true,"href":"https:\/\/www.centralfishes.com.br\/varejo\/wp-json\/wp\/v2\/comments?post=4319"}],"wp:featuredmedia":[{"embeddable":true,"href":"https:\/\/www.centralfishes.com.br\/varejo\/wp-json\/wp\/v2\/media\/4603"}],"wp:attachment":[{"href":"https:\/\/www.centralfishes.com.br\/varejo\/wp-json\/wp\/v2\/media?parent=4319"}],"wp:term":[{"taxonomy":"product_brand","embeddable":true,"href":"https:\/\/www.centralfishes.com.br\/varejo\/wp-json\/wp\/v2\/product_brand?post=4319"},{"taxonomy":"product_cat","embeddable":true,"href":"https:\/\/www.centralfishes.com.br\/varejo\/wp-json\/wp\/v2\/product_cat?post=4319"},{"taxonomy":"product_tag","embeddable":true,"href":"https:\/\/www.centralfishes.com.br\/varejo\/wp-json\/wp\/v2\/product_tag?post=4319"}],"curies":[{"name":"wp","href":"https:\/\/api.w.org\/{rel}","templated":true}]}}