{"id":4323,"date":"2024-08-16T18:25:05","date_gmt":"2024-08-16T18:25:05","guid":{"rendered":"https:\/\/www.centralfishes.com.br\/varejo\/?post_type=product&#038;p=4323"},"modified":"2026-01-17T20:13:44","modified_gmt":"2026-01-17T17:13:44","slug":"pargo-congelado-400g","status":"publish","type":"product","link":"https:\/\/www.centralfishes.com.br\/varejo\/product\/pargo-congelado-400g\/","title":{"rendered":"Fil\u00e9 de Pargo congelado, bandeja com 400 gramas"},"content":{"rendered":"<p><strong>Produto:<\/strong> Bandeja de fil\u00e9 de pargo congelado.<br \/>\n<strong>Processamento:<\/strong> Fil\u00e9 com pele.<br \/>\n<strong>Peso l\u00edquido:<\/strong> 400 gramas.<br \/>\n<strong>Peso bruto:<\/strong> 600 gramas.<br \/>\n<strong>Porcionamento:<\/strong> 2 (duas) por\u00e7\u00f5es.<br \/>\n<strong>Esp\u00e9cie\/Nome cient\u00edfico:<\/strong> Pagrus pagrus<br \/>\n<strong>Proced\u00eancia:<\/strong> Esp\u00edrito Santo, Rio de Janeiro e S\u00e3o Paulo<br \/>\n<strong>Nota gastron\u00f4mica:<\/strong>O peixe pargo \u00e9 um peixe branco saboroso e suave com flocos delicados. Um peixe pequeno com pele fina e deliciosa. A sua pele tamb\u00e9m tem uma textura agrad\u00e1vel, raz\u00e3o pela qual muitas pessoas preferem este peixe. \u00c9 um \u00f3timo peixe para assar ou cozinhar inteiro no vapor.<\/p>\n<p><strong>Video sugerido (preparo):<\/strong><br \/>\n<a href=\"https:\/\/www.youtube.com\/watch?v=BFPb1Y8DqYY\" target=\"_blank\" rel=\"noopener noreferrer\">Peixe Pargo, c\u00edtricos e alga nori<\/a><\/p>\n","protected":false},"excerpt":{"rendered":"<p>Fil\u00e9 de pargo congelado &#8211; com pele, em bandeja com 400 gramas.<\/p>\n","protected":false},"featured_media":4602,"comment_status":"open","ping_status":"closed","template":"","meta":{"om_disable_all_campaigns":false,"inline_featured_image":false,"_monsterinsights_skip_tracking":false,"_monsterinsights_sitenote_active":false,"_monsterinsights_sitenote_note":"","_monsterinsights_sitenote_category":0,"_uf_show_specific_survey":0,"_uf_disable_surveys":false},"product_brand":[],"product_cat":[97,78],"product_tag":[],"class_list":{"0":"post-4323","1":"product","2":"type-product","3":"status-publish","4":"has-post-thumbnail","6":"product_cat-pargo","7":"product_cat-peixes-congelados","9":"first","10":"instock","11":"sale","12":"shipping-taxable","13":"purchasable","14":"product-type-simple"},"aioseo_notices":[],"jetpack_sharing_enabled":true,"_links":{"self":[{"href":"https:\/\/www.centralfishes.com.br\/varejo\/wp-json\/wp\/v2\/product\/4323","targetHints":{"allow":["GET"]}}],"collection":[{"href":"https:\/\/www.centralfishes.com.br\/varejo\/wp-json\/wp\/v2\/product"}],"about":[{"href":"https:\/\/www.centralfishes.com.br\/varejo\/wp-json\/wp\/v2\/types\/product"}],"replies":[{"embeddable":true,"href":"https:\/\/www.centralfishes.com.br\/varejo\/wp-json\/wp\/v2\/comments?post=4323"}],"wp:featuredmedia":[{"embeddable":true,"href":"https:\/\/www.centralfishes.com.br\/varejo\/wp-json\/wp\/v2\/media\/4602"}],"wp:attachment":[{"href":"https:\/\/www.centralfishes.com.br\/varejo\/wp-json\/wp\/v2\/media?parent=4323"}],"wp:term":[{"taxonomy":"product_brand","embeddable":true,"href":"https:\/\/www.centralfishes.com.br\/varejo\/wp-json\/wp\/v2\/product_brand?post=4323"},{"taxonomy":"product_cat","embeddable":true,"href":"https:\/\/www.centralfishes.com.br\/varejo\/wp-json\/wp\/v2\/product_cat?post=4323"},{"taxonomy":"product_tag","embeddable":true,"href":"https:\/\/www.centralfishes.com.br\/varejo\/wp-json\/wp\/v2\/product_tag?post=4323"}],"curies":[{"name":"wp","href":"https:\/\/api.w.org\/{rel}","templated":true}]}}