{"id":4328,"date":"2024-08-17T17:09:43","date_gmt":"2024-08-17T17:09:43","guid":{"rendered":"https:\/\/www.centralfishes.com.br\/varejo\/?post_type=product&#038;p=4328"},"modified":"2024-12-08T22:14:05","modified_gmt":"2024-12-08T22:14:05","slug":"porquinho-fresco-400g","status":"publish","type":"product","link":"https:\/\/www.centralfishes.com.br\/varejo\/product\/porquinho-fresco-400g\/","title":{"rendered":"Porquinho fresco, bandeja com 400 gramas"},"content":{"rendered":"<p><strong>Produto:<\/strong> Bandeja de porquinho limpo fresco.<br \/>\n<strong>Processamento:<\/strong> Sem cabe\u00e7a, sem visceras, sem pele.<br \/>\n<strong>Peso l\u00edquido:<\/strong> 400 gramas.<br \/>\n<strong>Peso bruto:<\/strong> 600 gramas.<br \/>\n<strong>Porcionamento:<\/strong> 3-4 (tr\u00eas a quatro) por\u00e7\u00f5es.<br \/>\n<strong>Esp\u00e9cie\/Nome cient\u00edfico:<\/strong> Balistes capriscus.<br \/>\n<strong>Proced\u00eancia:<\/strong> Esp\u00edrito Santo.<br \/>\n<strong>Nota gastron\u00f4mica:<\/strong> Consumido como petisco em quase todo o litoral brasileiro, o porquinho tem esse apelido por conta do seu t\u00edpico ronco que \u00e9 semelhante ao de um porco. Esse peixe tem um tamanho pequeno e, portanto, \u00e9 consumido inteiro, sem destaque de corte. Al\u00e9m disso,\u00a0costuma ir muito bem empanado e frito guarnecidos por arroz.<\/p>\n<p><strong>Video sugerido (preparo):<\/strong><br \/>\n<a href=\"https:\/\/www.youtube.com\/watch?v=14OUIGu3RFE\" target=\"_blank\" rel=\"noopener noreferrer\">Como fazer Peixe Porquinho frito<\/a><\/p>\n","protected":false},"excerpt":{"rendered":"<p>Porquinho limpo fresco, em bandeja com 400 gramas.<\/p>\n","protected":false},"featured_media":4600,"comment_status":"open","ping_status":"closed","template":"","meta":{"om_disable_all_campaigns":false,"inline_featured_image":false,"_monsterinsights_skip_tracking":false,"_monsterinsights_sitenote_active":false,"_monsterinsights_sitenote_note":"","_monsterinsights_sitenote_category":0,"_uf_show_specific_survey":0,"_uf_disable_surveys":false},"product_brand":[],"product_cat":[44,98],"product_tag":[],"class_list":{"0":"post-4328","1":"product","2":"type-product","3":"status-publish","4":"has-post-thumbnail","6":"product_cat-peixes-frescos","7":"product_cat-porquinho","9":"first","10":"instock","11":"sale","12":"shipping-taxable","13":"purchasable","14":"product-type-simple"},"aioseo_notices":[],"jetpack_sharing_enabled":true,"_links":{"self":[{"href":"https:\/\/www.centralfishes.com.br\/varejo\/wp-json\/wp\/v2\/product\/4328","targetHints":{"allow":["GET"]}}],"collection":[{"href":"https:\/\/www.centralfishes.com.br\/varejo\/wp-json\/wp\/v2\/product"}],"about":[{"href":"https:\/\/www.centralfishes.com.br\/varejo\/wp-json\/wp\/v2\/types\/product"}],"replies":[{"embeddable":true,"href":"https:\/\/www.centralfishes.com.br\/varejo\/wp-json\/wp\/v2\/comments?post=4328"}],"wp:featuredmedia":[{"embeddable":true,"href":"https:\/\/www.centralfishes.com.br\/varejo\/wp-json\/wp\/v2\/media\/4600"}],"wp:attachment":[{"href":"https:\/\/www.centralfishes.com.br\/varejo\/wp-json\/wp\/v2\/media?parent=4328"}],"wp:term":[{"taxonomy":"product_brand","embeddable":true,"href":"https:\/\/www.centralfishes.com.br\/varejo\/wp-json\/wp\/v2\/product_brand?post=4328"},{"taxonomy":"product_cat","embeddable":true,"href":"https:\/\/www.centralfishes.com.br\/varejo\/wp-json\/wp\/v2\/product_cat?post=4328"},{"taxonomy":"product_tag","embeddable":true,"href":"https:\/\/www.centralfishes.com.br\/varejo\/wp-json\/wp\/v2\/product_tag?post=4328"}],"curies":[{"name":"wp","href":"https:\/\/api.w.org\/{rel}","templated":true}]}}