{"id":4331,"date":"2024-08-17T18:19:29","date_gmt":"2024-08-17T18:19:29","guid":{"rendered":"https:\/\/www.centralfishes.com.br\/varejo\/?post_type=product&#038;p=4331"},"modified":"2025-01-05T23:13:50","modified_gmt":"2025-01-05T20:13:50","slug":"porquinho-congelado-900g","status":"publish","type":"product","link":"https:\/\/www.centralfishes.com.br\/varejo\/product\/porquinho-congelado-900g\/","title":{"rendered":"Porquinho limpo congelado, bandeja com 900 gramas"},"content":{"rendered":"<p><strong>Produto:<\/strong> Bandeja de porquinho limpo congelado.<br \/>\n<strong>Processamento:<\/strong> Sem cabe\u00e7a, sem visceras, sem pele.<br \/>\n<strong>Peso l\u00edquido:<\/strong> 900 gramas.<br \/>\n<strong>Peso bruto:<\/strong> 1200 gramas.<br \/>\n<strong>Porcionamento:<\/strong> 6-8 (seis a oito) por\u00e7\u00f5es.<br \/>\n<strong>Esp\u00e9cie\/Nome cient\u00edfico:<\/strong> Balistes capriscus.<br \/>\n<strong>Proced\u00eancia:<\/strong> Esp\u00edrito Santo.<br \/>\n<strong>Nota gastron\u00f4mica:<\/strong> Consumido como petisco em quase todo o litoral brasileiro, o porquinho tem esse apelido por conta do seu t\u00edpico ronco que \u00e9 semelhante ao de um porco. Esse peixe tem um tamanho pequeno e, portanto, \u00e9 consumido inteiro, sem destaque de corte. Al\u00e9m disso,\u00a0costuma ir muito bem empanado e frito guarnecidos por arroz.<\/p>\n<p><strong>Video sugerido (receita):<\/strong><br \/>\n<a href=\"https:\/\/www.youtube.com\/watch?v=8U9WoupkG-0\" target=\"_blank\" rel=\"noopener noreferrer\">Moqueca de porquinho<\/a><\/p>\n","protected":false},"excerpt":{"rendered":"<p>Porquinho limpo congelado, em bandeja com 900 gramas.<\/p>\n","protected":false},"featured_media":4600,"comment_status":"open","ping_status":"closed","template":"","meta":{"om_disable_all_campaigns":false,"inline_featured_image":false,"_monsterinsights_skip_tracking":false,"_monsterinsights_sitenote_active":false,"_monsterinsights_sitenote_note":"","_monsterinsights_sitenote_category":0,"_uf_show_specific_survey":0,"_uf_disable_surveys":false},"product_brand":[],"product_cat":[78,98],"product_tag":[],"class_list":{"0":"post-4331","1":"product","2":"type-product","3":"status-publish","4":"has-post-thumbnail","6":"product_cat-peixes-congelados","7":"product_cat-porquinho","9":"first","10":"instock","11":"sale","12":"shipping-taxable","13":"purchasable","14":"product-type-simple"},"aioseo_notices":[],"jetpack_sharing_enabled":true,"_links":{"self":[{"href":"https:\/\/www.centralfishes.com.br\/varejo\/wp-json\/wp\/v2\/product\/4331","targetHints":{"allow":["GET"]}}],"collection":[{"href":"https:\/\/www.centralfishes.com.br\/varejo\/wp-json\/wp\/v2\/product"}],"about":[{"href":"https:\/\/www.centralfishes.com.br\/varejo\/wp-json\/wp\/v2\/types\/product"}],"replies":[{"embeddable":true,"href":"https:\/\/www.centralfishes.com.br\/varejo\/wp-json\/wp\/v2\/comments?post=4331"}],"wp:featuredmedia":[{"embeddable":true,"href":"https:\/\/www.centralfishes.com.br\/varejo\/wp-json\/wp\/v2\/media\/4600"}],"wp:attachment":[{"href":"https:\/\/www.centralfishes.com.br\/varejo\/wp-json\/wp\/v2\/media?parent=4331"}],"wp:term":[{"taxonomy":"product_brand","embeddable":true,"href":"https:\/\/www.centralfishes.com.br\/varejo\/wp-json\/wp\/v2\/product_brand?post=4331"},{"taxonomy":"product_cat","embeddable":true,"href":"https:\/\/www.centralfishes.com.br\/varejo\/wp-json\/wp\/v2\/product_cat?post=4331"},{"taxonomy":"product_tag","embeddable":true,"href":"https:\/\/www.centralfishes.com.br\/varejo\/wp-json\/wp\/v2\/product_tag?post=4331"}],"curies":[{"name":"wp","href":"https:\/\/api.w.org\/{rel}","templated":true}]}}