{"id":4334,"date":"2024-08-19T19:19:41","date_gmt":"2024-08-19T19:19:41","guid":{"rendered":"https:\/\/www.centralfishes.com.br\/varejo\/?post_type=product&#038;p=4334"},"modified":"2026-01-17T20:03:14","modified_gmt":"2026-01-17T17:03:14","slug":"olhete-congelado-400g","status":"publish","type":"product","link":"https:\/\/www.centralfishes.com.br\/varejo\/product\/olhete-congelado-400g\/","title":{"rendered":"Fil\u00e9 de Olhete congelado, bandeja com 400 gramas"},"content":{"rendered":"<p><strong>Produto:<\/strong> Bandeja de Olhete congelado.<br \/>\n<strong>Processamento:<\/strong> Fil\u00e9 sem pele.<br \/>\n<strong>Peso l\u00edquido:<\/strong> 400 gramas.<br \/>\n<strong>Peso bruto:<\/strong> 600 gramas.<br \/>\n<strong>Porcionamento:<\/strong> 1-2 (uma a duas) por\u00e7\u00f5es.<br \/>\n<strong>Esp\u00e9cie\/Nome cient\u00edfico:<\/strong> Seriola lalandi.<br \/>\n<strong>Proced\u00eancia:<\/strong> Rio Grande do Sul.<\/p>\n<p><strong>Nota gastron\u00f4mica:<\/strong> O olhete tem um sabor rico e amanteigado. O sabor foi descrito como uma mistura entre atum e mahi-mahi, embora n\u00e3o t\u00e3o parecido com o de um bife quanto o do atum e nem t\u00e3o suave quanto o mahi-mahi. Este peixe resiste bem a quase todos os m\u00e9todos de prepara\u00e7\u00e3o: grelhar, assar, grelhar, fritar na frigideira, defumar.<\/p>\n<p><strong>Video sugerido (receita):<\/strong><br \/>\n<a href=\"https:\/\/www.youtube.com\/watch?v=Yvc42V1jCnw\" target=\"_blank\" rel=\"noopener noreferrer\">Olhete em posta<\/a><\/p>\n","protected":false},"excerpt":{"rendered":"<p>Olhete congelado (fil\u00e9 sem pele), em bandeja com 400 gramas.<\/p>\n","protected":false},"featured_media":4599,"comment_status":"open","ping_status":"closed","template":"","meta":{"om_disable_all_campaigns":false,"inline_featured_image":false,"_monsterinsights_skip_tracking":false,"_monsterinsights_sitenote_active":false,"_monsterinsights_sitenote_note":"","_monsterinsights_sitenote_category":0,"_uf_show_specific_survey":0,"_uf_disable_surveys":false},"product_brand":[],"product_cat":[99,78],"product_tag":[],"class_list":{"0":"post-4334","1":"product","2":"type-product","3":"status-publish","4":"has-post-thumbnail","6":"product_cat-olhete","7":"product_cat-peixes-congelados","9":"first","10":"instock","11":"sale","12":"shipping-taxable","13":"purchasable","14":"product-type-simple"},"aioseo_notices":[],"jetpack_sharing_enabled":true,"_links":{"self":[{"href":"https:\/\/www.centralfishes.com.br\/varejo\/wp-json\/wp\/v2\/product\/4334","targetHints":{"allow":["GET"]}}],"collection":[{"href":"https:\/\/www.centralfishes.com.br\/varejo\/wp-json\/wp\/v2\/product"}],"about":[{"href":"https:\/\/www.centralfishes.com.br\/varejo\/wp-json\/wp\/v2\/types\/product"}],"replies":[{"embeddable":true,"href":"https:\/\/www.centralfishes.com.br\/varejo\/wp-json\/wp\/v2\/comments?post=4334"}],"wp:featuredmedia":[{"embeddable":true,"href":"https:\/\/www.centralfishes.com.br\/varejo\/wp-json\/wp\/v2\/media\/4599"}],"wp:attachment":[{"href":"https:\/\/www.centralfishes.com.br\/varejo\/wp-json\/wp\/v2\/media?parent=4334"}],"wp:term":[{"taxonomy":"product_brand","embeddable":true,"href":"https:\/\/www.centralfishes.com.br\/varejo\/wp-json\/wp\/v2\/product_brand?post=4334"},{"taxonomy":"product_cat","embeddable":true,"href":"https:\/\/www.centralfishes.com.br\/varejo\/wp-json\/wp\/v2\/product_cat?post=4334"},{"taxonomy":"product_tag","embeddable":true,"href":"https:\/\/www.centralfishes.com.br\/varejo\/wp-json\/wp\/v2\/product_tag?post=4334"}],"curies":[{"name":"wp","href":"https:\/\/api.w.org\/{rel}","templated":true}]}}