{"id":4352,"date":"2024-08-29T17:08:26","date_gmt":"2024-08-29T17:08:26","guid":{"rendered":"https:\/\/www.centralfishes.com.br\/varejo\/?post_type=product&#038;p=4352"},"modified":"2025-04-23T22:50:23","modified_gmt":"2025-04-23T19:50:23","slug":"camaraocinza-fresco-900g","status":"publish","type":"product","link":"https:\/\/www.centralfishes.com.br\/varejo\/product\/camaraocinza-fresco-900g\/","title":{"rendered":"Camar\u00e3o cinza medio, limpo, fresco, bandeja com 900 gramas"},"content":{"rendered":"<p><strong>Produto:<\/strong> Bandeja de camar\u00e3o cinza fresco.<br \/>\n<strong>Processamento:<\/strong> Eviscerado, limpo.<br \/>\n<strong>Peso l\u00edquido:<\/strong> 900 gramas.<br \/>\n<strong>Peso bruto:<\/strong> 1200 gramas.<br \/>\n<strong>Calibre\/tamanho:<\/strong> M\u00e9dio, 71-90 unidades por quilograma.<br \/>\n<strong>Esp\u00e9cie\/Nome cient\u00edfico:<\/strong> Litopenaeus vannamei.<br \/>\n<strong>Proced\u00eancia:<\/strong> Cear\u00e1, Rio Grande do Norte.<\/p>\n<p><strong>Nota gastron\u00f4mica:<\/strong> O camar\u00e3o Vannamei tem sabor suave e levemente adocicado e textura firme. O camar\u00e3o cinza &#8211; como \u00e9 conhecido &#8211; \u00e9 uma escolha popular entre chefs e entusiastas de frutos do mar devido \u00e0 sua versatilidade na cozinha.<\/p>\n<p><strong>Video sugerido (Chef Rodrigo Hilbert):<\/strong><br \/>\n<a href=\"https:\/\/www.youtube.com\/watch?v=OS4Az7LUg_g\" target=\"_blank\" rel=\"noopener noreferrer\">Arroz de camar\u00e3o cinza com a\u00e7afr\u00e3o e ervilha<\/a><\/p>\n","protected":false},"excerpt":{"rendered":"<p>Camar\u00e3o cinza medio, limpo, fresco, em bandeja de 900 gramas.<\/p>\n","protected":false},"featured_media":4597,"comment_status":"open","ping_status":"closed","template":"","meta":{"om_disable_all_campaigns":false,"inline_featured_image":false,"_monsterinsights_skip_tracking":false,"_monsterinsights_sitenote_active":false,"_monsterinsights_sitenote_note":"","_monsterinsights_sitenote_category":0,"_uf_show_specific_survey":0,"_uf_disable_surveys":false},"product_brand":[],"product_cat":[102,58],"product_tag":[],"class_list":{"0":"post-4352","1":"product","2":"type-product","3":"status-publish","4":"has-post-thumbnail","6":"product_cat-camarao-cinza","7":"product_cat-frutos-do-mar-frescos","9":"first","10":"instock","11":"sale","12":"shipping-taxable","13":"purchasable","14":"product-type-simple"},"aioseo_notices":[],"jetpack_sharing_enabled":true,"_links":{"self":[{"href":"https:\/\/www.centralfishes.com.br\/varejo\/wp-json\/wp\/v2\/product\/4352","targetHints":{"allow":["GET"]}}],"collection":[{"href":"https:\/\/www.centralfishes.com.br\/varejo\/wp-json\/wp\/v2\/product"}],"about":[{"href":"https:\/\/www.centralfishes.com.br\/varejo\/wp-json\/wp\/v2\/types\/product"}],"replies":[{"embeddable":true,"href":"https:\/\/www.centralfishes.com.br\/varejo\/wp-json\/wp\/v2\/comments?post=4352"}],"wp:featuredmedia":[{"embeddable":true,"href":"https:\/\/www.centralfishes.com.br\/varejo\/wp-json\/wp\/v2\/media\/4597"}],"wp:attachment":[{"href":"https:\/\/www.centralfishes.com.br\/varejo\/wp-json\/wp\/v2\/media?parent=4352"}],"wp:term":[{"taxonomy":"product_brand","embeddable":true,"href":"https:\/\/www.centralfishes.com.br\/varejo\/wp-json\/wp\/v2\/product_brand?post=4352"},{"taxonomy":"product_cat","embeddable":true,"href":"https:\/\/www.centralfishes.com.br\/varejo\/wp-json\/wp\/v2\/product_cat?post=4352"},{"taxonomy":"product_tag","embeddable":true,"href":"https:\/\/www.centralfishes.com.br\/varejo\/wp-json\/wp\/v2\/product_tag?post=4352"}],"curies":[{"name":"wp","href":"https:\/\/api.w.org\/{rel}","templated":true}]}}