{"id":4360,"date":"2024-08-29T22:55:46","date_gmt":"2024-08-29T22:55:46","guid":{"rendered":"https:\/\/www.centralfishes.com.br\/varejo\/?post_type=product&#038;p=4360"},"modified":"2024-12-08T17:07:17","modified_gmt":"2024-12-08T17:07:17","slug":"camaraocativeiro-congelado-400g","status":"publish","type":"product","link":"https:\/\/www.centralfishes.com.br\/varejo\/product\/camaraocativeiro-congelado-400g\/","title":{"rendered":"Camar\u00e3o cativeiro medio, sem cabe\u00e7a, congelado, bandeja com 400 gramas"},"content":{"rendered":"<p><strong>Produto:<\/strong> Bandeja de camar\u00e3o cinza congelado.<br \/>\n<strong>Processamento:<\/strong> Sem cabe\u00e7a, com rabo, com casca.<br \/>\n<strong>Peso l\u00edquido:<\/strong> 400 gramas.<br \/>\n<strong>Peso bruto:<\/strong> 900 gramas.<br \/>\n<strong>Calibre\/tamanho:<\/strong> M\u00e9dio, 71-90 unidades por quilograma.<br \/>\n<strong>Esp\u00e9cie\/Nome cient\u00edfico:<\/strong> Litopenaeus vannamei.<br \/>\n<strong>Proced\u00eancia:<\/strong> Cear\u00e1, Rio Grande do Norte.<\/p>\n<p><strong>Nota gastron\u00f4mica:<\/strong> O camar\u00e3o cativeiro (cinza) tem sabor suave e levemente adocicado e textura firme. O camar\u00e3o cinza &#8211; como \u00e9 conhecido &#8211; \u00e9 uma escolha popular entre chefs e entusiastas de frutos do mar devido \u00e0 sua versatilidade na cozinha.<\/p>\n<p><strong>Video sugerido (Preparo):<\/strong><br \/>\n<a href=\"https:\/\/www.youtube.com\/watch?v=g3b51DOjrxQ\" target=\"_blank\" rel=\"noopener noreferrer\">Camar\u00f5es de cativeiro \u00e0 proven\u00e7al <\/a><\/p>\n","protected":false},"excerpt":{"rendered":"<p>Camar\u00e3o cativeiro medio, sem cabe\u00e7a, congelado, em bandeja de 400 gramas.<\/p>\n","protected":false},"featured_media":4596,"comment_status":"open","ping_status":"closed","template":"","meta":{"om_disable_all_campaigns":false,"inline_featured_image":false,"_monsterinsights_skip_tracking":false,"_monsterinsights_sitenote_active":false,"_monsterinsights_sitenote_note":"","_monsterinsights_sitenote_category":0,"_uf_show_specific_survey":0,"_uf_disable_surveys":false},"product_brand":[],"product_cat":[102,79],"product_tag":[],"class_list":{"0":"post-4360","1":"product","2":"type-product","3":"status-publish","4":"has-post-thumbnail","6":"product_cat-camarao-cinza","7":"product_cat-frutos-do-mar-congelado","9":"first","10":"instock","11":"sale","12":"shipping-taxable","13":"purchasable","14":"product-type-simple"},"aioseo_notices":[],"jetpack_sharing_enabled":true,"_links":{"self":[{"href":"https:\/\/www.centralfishes.com.br\/varejo\/wp-json\/wp\/v2\/product\/4360","targetHints":{"allow":["GET"]}}],"collection":[{"href":"https:\/\/www.centralfishes.com.br\/varejo\/wp-json\/wp\/v2\/product"}],"about":[{"href":"https:\/\/www.centralfishes.com.br\/varejo\/wp-json\/wp\/v2\/types\/product"}],"replies":[{"embeddable":true,"href":"https:\/\/www.centralfishes.com.br\/varejo\/wp-json\/wp\/v2\/comments?post=4360"}],"wp:featuredmedia":[{"embeddable":true,"href":"https:\/\/www.centralfishes.com.br\/varejo\/wp-json\/wp\/v2\/media\/4596"}],"wp:attachment":[{"href":"https:\/\/www.centralfishes.com.br\/varejo\/wp-json\/wp\/v2\/media?parent=4360"}],"wp:term":[{"taxonomy":"product_brand","embeddable":true,"href":"https:\/\/www.centralfishes.com.br\/varejo\/wp-json\/wp\/v2\/product_brand?post=4360"},{"taxonomy":"product_cat","embeddable":true,"href":"https:\/\/www.centralfishes.com.br\/varejo\/wp-json\/wp\/v2\/product_cat?post=4360"},{"taxonomy":"product_tag","embeddable":true,"href":"https:\/\/www.centralfishes.com.br\/varejo\/wp-json\/wp\/v2\/product_tag?post=4360"}],"curies":[{"name":"wp","href":"https:\/\/api.w.org\/{rel}","templated":true}]}}