{"id":4363,"date":"2024-08-30T18:04:45","date_gmt":"2024-08-30T18:04:45","guid":{"rendered":"https:\/\/www.centralfishes.com.br\/varejo\/?post_type=product&#038;p=4363"},"modified":"2026-01-15T01:13:48","modified_gmt":"2026-01-14T22:13:48","slug":"camaraorosagg-congelado-400g","status":"publish","type":"product","link":"https:\/\/www.centralfishes.com.br\/varejo\/product\/camaraorosagg-congelado-400g\/","title":{"rendered":"Camar\u00e3o rosa GG 8\/10, inteiro, congelado, bandeja com 400 gramas"},"content":{"rendered":"<p><strong>Produto:<\/strong> Bandeja de camar\u00e3o rosa congelado.<br \/>\n<strong>Processamento:<\/strong> Inteiro.<br \/>\n<strong>Peso l\u00edquido:<\/strong> 400 gramas.<br \/>\n<strong>Peso bruto:<\/strong> 600 gramas.<br \/>\n<strong>Calibre\/tamanho:<\/strong> Pistola, GG, 8\/10 unidades por quilograma.<br \/>\n<strong>Esp\u00e9cie\/Nome cient\u00edfico:<\/strong> Farfantep subtilis.<br \/>\n<strong>Proced\u00eancia:<\/strong> Santa Catarina.<\/p>\n<p><strong>Nota gastron\u00f4mica:<\/strong> O camar\u00e3o rosa tem um sabor muito doce, mais saboroso que o camar\u00e3o de \u00e1gua doce (cativeiro). A cauda do camar\u00e3o rosa vivo \u00e9 mais vermelha do que rosa, e o camar\u00e3o e a casca s\u00e3o transl\u00facidos. Cozida, a casca fica rosada e a carne \u00e9 de um branco opaco tingido de rosa. A carne cozida \u00e9 bastante firme, embora menos do que a do camar\u00e3o de \u00e1gua quente, e \u00famida. O sabor e a textura de ambas as esp\u00e9cies de camar\u00e3o rosa s\u00e3o praticamente indistingu\u00edveis.<\/p>\n<p><strong>Video sugerido (receita):<\/strong><br \/>\n<a href=\"https:\/\/www.youtube.com\/watch?v=FBQr0sPbQzI\" target=\"_blank\" rel=\"noopener noreferrer\">Camar\u00e3o rosa ao molho de creme de leite<\/a><\/p>\n","protected":false},"excerpt":{"rendered":"<p>Camar\u00e3o rosa GG 8\/10, inteiro, congelado, bandeja com 400 gramas<\/p>\n","protected":false},"featured_media":4593,"comment_status":"open","ping_status":"closed","template":"","meta":{"om_disable_all_campaigns":false,"inline_featured_image":false,"_monsterinsights_skip_tracking":false,"_monsterinsights_sitenote_active":false,"_monsterinsights_sitenote_note":"","_monsterinsights_sitenote_category":0,"_uf_show_specific_survey":0,"_uf_disable_surveys":false},"product_brand":[],"product_cat":[103,79],"product_tag":[],"class_list":{"0":"post-4363","1":"product","2":"type-product","3":"status-publish","4":"has-post-thumbnail","6":"product_cat-camarao-rosa","7":"product_cat-frutos-do-mar-congelado","9":"first","10":"instock","11":"sale","12":"shipping-taxable","13":"purchasable","14":"product-type-simple"},"aioseo_notices":[],"jetpack_sharing_enabled":true,"_links":{"self":[{"href":"https:\/\/www.centralfishes.com.br\/varejo\/wp-json\/wp\/v2\/product\/4363","targetHints":{"allow":["GET"]}}],"collection":[{"href":"https:\/\/www.centralfishes.com.br\/varejo\/wp-json\/wp\/v2\/product"}],"about":[{"href":"https:\/\/www.centralfishes.com.br\/varejo\/wp-json\/wp\/v2\/types\/product"}],"replies":[{"embeddable":true,"href":"https:\/\/www.centralfishes.com.br\/varejo\/wp-json\/wp\/v2\/comments?post=4363"}],"wp:featuredmedia":[{"embeddable":true,"href":"https:\/\/www.centralfishes.com.br\/varejo\/wp-json\/wp\/v2\/media\/4593"}],"wp:attachment":[{"href":"https:\/\/www.centralfishes.com.br\/varejo\/wp-json\/wp\/v2\/media?parent=4363"}],"wp:term":[{"taxonomy":"product_brand","embeddable":true,"href":"https:\/\/www.centralfishes.com.br\/varejo\/wp-json\/wp\/v2\/product_brand?post=4363"},{"taxonomy":"product_cat","embeddable":true,"href":"https:\/\/www.centralfishes.com.br\/varejo\/wp-json\/wp\/v2\/product_cat?post=4363"},{"taxonomy":"product_tag","embeddable":true,"href":"https:\/\/www.centralfishes.com.br\/varejo\/wp-json\/wp\/v2\/product_tag?post=4363"}],"curies":[{"name":"wp","href":"https:\/\/api.w.org\/{rel}","templated":true}]}}