{"id":4409,"date":"2024-09-06T18:20:08","date_gmt":"2024-09-06T18:20:08","guid":{"rendered":"https:\/\/www.centralfishes.com.br\/varejo\/?post_type=product&#038;p=4409"},"modified":"2026-03-31T22:31:24","modified_gmt":"2026-03-31T19:31:24","slug":"lulanacional-congelada-900g","status":"publish","type":"product","link":"https:\/\/www.centralfishes.com.br\/varejo\/product\/lulanacional-congelada-900g\/","title":{"rendered":"Lula Nacional, Inteira, congelada, bandeja com 900 gramas"},"content":{"rendered":"<p><strong>Produto:<\/strong> Bandeja de Lula nacional (congelada a bordo).<br \/>\n<strong>Processamento:<\/strong> Inteira.<br \/>\n<strong>Porcionamento:<\/strong> 6-8 unidades por quilograma.<br \/>\n<strong>Peso l\u00edquido:<\/strong> 900 gramas.<br \/>\n<strong>Peso bruto:<\/strong> 1200 gramas.<br \/>\n<strong>Calibre\/tamanho:<\/strong> Calibre M, 8-12 cent\u00edmetros.<br \/>\n<strong>Proced\u00eancia:<\/strong> Santa Catarina e Rio de Janeiro.<\/p>\n<p><strong>Nota gastron\u00f4mica:<\/strong>A lula nacional tem cor clara e cremosa com tonalidade arroxeada e seu interior \u00e9 branco. A textura \u00e9 firme, mas macia quando cozida, e o sabor \u00e9 suave, com um sabor levemente adocicado e salgado, semelhante a outros frutos do mar.<\/p>\n<p><strong>Video sugerido (Receita espanhola):<\/strong><\/p>\n<p><a href=\"https:\/\/www.youtube.com\/watch?v=wwP2UFcrxqo\" target=\"_blank\" rel=\"noopener noreferrer\">Lula nacional a milanesa<\/a><\/p>\n","protected":false},"excerpt":{"rendered":"<p>Lula Nacional, Inteira, congelada, em bandeja de 900 gramas.<\/p>\n","protected":false},"featured_media":4583,"comment_status":"open","ping_status":"closed","template":"","meta":{"om_disable_all_campaigns":false,"inline_featured_image":false,"_monsterinsights_skip_tracking":false,"_monsterinsights_sitenote_active":false,"_monsterinsights_sitenote_note":"","_monsterinsights_sitenote_category":0,"_uf_show_specific_survey":0,"_uf_disable_surveys":false},"product_brand":[],"product_cat":[79,105],"product_tag":[],"class_list":{"0":"post-4409","1":"product","2":"type-product","3":"status-publish","4":"has-post-thumbnail","6":"product_cat-frutos-do-mar-congelado","7":"product_cat-lula","9":"first","10":"instock","11":"sale","12":"shipping-taxable","13":"purchasable","14":"product-type-simple"},"aioseo_notices":[],"jetpack_sharing_enabled":true,"_links":{"self":[{"href":"https:\/\/www.centralfishes.com.br\/varejo\/wp-json\/wp\/v2\/product\/4409","targetHints":{"allow":["GET"]}}],"collection":[{"href":"https:\/\/www.centralfishes.com.br\/varejo\/wp-json\/wp\/v2\/product"}],"about":[{"href":"https:\/\/www.centralfishes.com.br\/varejo\/wp-json\/wp\/v2\/types\/product"}],"replies":[{"embeddable":true,"href":"https:\/\/www.centralfishes.com.br\/varejo\/wp-json\/wp\/v2\/comments?post=4409"}],"wp:featuredmedia":[{"embeddable":true,"href":"https:\/\/www.centralfishes.com.br\/varejo\/wp-json\/wp\/v2\/media\/4583"}],"wp:attachment":[{"href":"https:\/\/www.centralfishes.com.br\/varejo\/wp-json\/wp\/v2\/media?parent=4409"}],"wp:term":[{"taxonomy":"product_brand","embeddable":true,"href":"https:\/\/www.centralfishes.com.br\/varejo\/wp-json\/wp\/v2\/product_brand?post=4409"},{"taxonomy":"product_cat","embeddable":true,"href":"https:\/\/www.centralfishes.com.br\/varejo\/wp-json\/wp\/v2\/product_cat?post=4409"},{"taxonomy":"product_tag","embeddable":true,"href":"https:\/\/www.centralfishes.com.br\/varejo\/wp-json\/wp\/v2\/product_tag?post=4409"}],"curies":[{"name":"wp","href":"https:\/\/api.w.org\/{rel}","templated":true}]}}