{"id":4414,"date":"2024-09-07T14:45:03","date_gmt":"2024-09-07T14:45:03","guid":{"rendered":"https:\/\/www.centralfishes.com.br\/varejo\/?post_type=product&#038;p=4414"},"modified":"2024-12-07T18:53:16","modified_gmt":"2024-12-07T18:53:16","slug":"mariscolimpo-congelado-900g","status":"publish","type":"product","link":"https:\/\/www.centralfishes.com.br\/varejo\/product\/mariscolimpo-congelado-900g\/","title":{"rendered":"Marisco (Mexilh\u00e3o), Limpo, congelado, bandeja com 900 gramas"},"content":{"rendered":"<p><strong>Produto:<\/strong> Bandeja de Marisco (mexilh\u00e7\u00e3o) congelado.<br \/>\n<strong>Processamento:<\/strong> Limpo.<br \/>\n<strong>Porcionamento:<\/strong> 10-12 unidades por quilograma.<br \/>\n<strong>Peso l\u00edquido:<\/strong> 900 gramas.<br \/>\n<strong>Peso bruto:<\/strong> 1200 gramas.<br \/>\n<strong>Calibre\/tamanho:<\/strong> Calibre M\/G.<br \/>\n<strong>Proced\u00eancia:<\/strong> Santa Catarina.<\/p>\n<p><strong>Nota gastron\u00f4mica:<\/strong>Os mariscos (mexilh\u00f5es) t\u00eam sabor salgado e sutilmente doce, com textura macia e amanteigada. Alguns dizem que t\u00eam um sabor natural do oceano que \u00e9 diferente do sabor mais distinto e complexo das ostras. Os mexilh\u00f5es s\u00e3o frequentemente descritos como tendo um sabor robusto que pode conter outros sabores.<\/p>\n<p><strong>Video sugerido (Preparo):<\/strong><\/p>\n<p><a href=\"https:\/\/www.youtube.com\/watch?v=WM2XioerXNM\" target=\"_blank\" rel=\"noopener noreferrer\">Como limpar Marisco (Mexilh\u00e3o)<\/a><\/p>\n","protected":false},"excerpt":{"rendered":"<p>Marisco (Mexilh\u00e3o), Limpo, congelado, em bandeja de 900 grama<\/p>\n","protected":false},"featured_media":4582,"comment_status":"open","ping_status":"closed","template":"","meta":{"om_disable_all_campaigns":false,"inline_featured_image":false,"_monsterinsights_skip_tracking":false,"_monsterinsights_sitenote_active":false,"_monsterinsights_sitenote_note":"","_monsterinsights_sitenote_category":0,"_uf_show_specific_survey":0,"_uf_disable_surveys":false},"product_brand":[],"product_cat":[79,106],"product_tag":[],"class_list":{"0":"post-4414","1":"product","2":"type-product","3":"status-publish","4":"has-post-thumbnail","6":"product_cat-frutos-do-mar-congelado","7":"product_cat-marisco","9":"first","10":"instock","11":"sale","12":"shipping-taxable","13":"purchasable","14":"product-type-simple"},"aioseo_notices":[],"jetpack_sharing_enabled":true,"_links":{"self":[{"href":"https:\/\/www.centralfishes.com.br\/varejo\/wp-json\/wp\/v2\/product\/4414","targetHints":{"allow":["GET"]}}],"collection":[{"href":"https:\/\/www.centralfishes.com.br\/varejo\/wp-json\/wp\/v2\/product"}],"about":[{"href":"https:\/\/www.centralfishes.com.br\/varejo\/wp-json\/wp\/v2\/types\/product"}],"replies":[{"embeddable":true,"href":"https:\/\/www.centralfishes.com.br\/varejo\/wp-json\/wp\/v2\/comments?post=4414"}],"wp:featuredmedia":[{"embeddable":true,"href":"https:\/\/www.centralfishes.com.br\/varejo\/wp-json\/wp\/v2\/media\/4582"}],"wp:attachment":[{"href":"https:\/\/www.centralfishes.com.br\/varejo\/wp-json\/wp\/v2\/media?parent=4414"}],"wp:term":[{"taxonomy":"product_brand","embeddable":true,"href":"https:\/\/www.centralfishes.com.br\/varejo\/wp-json\/wp\/v2\/product_brand?post=4414"},{"taxonomy":"product_cat","embeddable":true,"href":"https:\/\/www.centralfishes.com.br\/varejo\/wp-json\/wp\/v2\/product_cat?post=4414"},{"taxonomy":"product_tag","embeddable":true,"href":"https:\/\/www.centralfishes.com.br\/varejo\/wp-json\/wp\/v2\/product_tag?post=4414"}],"curies":[{"name":"wp","href":"https:\/\/api.w.org\/{rel}","templated":true}]}}