{"id":4415,"date":"2024-09-07T14:56:52","date_gmt":"2024-09-07T14:56:52","guid":{"rendered":"https:\/\/www.centralfishes.com.br\/varejo\/?post_type=product&#038;p=4415"},"modified":"2026-01-14T21:13:40","modified_gmt":"2026-01-14T18:13:40","slug":"vongole-congelado-900g","status":"publish","type":"product","link":"https:\/\/www.centralfishes.com.br\/varejo\/product\/vongole-congelado-900g\/","title":{"rendered":"V\u00f4ngole, Limpo, congelado, bandeja com 900 gramas"},"content":{"rendered":"<p><strong>Produto:<\/strong> Bandeja de V\u00f4ngole congelado.<br \/>\n<strong>Processamento:<\/strong> Limpo.<br \/>\n<strong>Porcionamento:<\/strong> 10-12 unidades por quilograma.<br \/>\n<strong>Peso l\u00edquido:<\/strong> 900 gramas.<br \/>\n<strong>Peso bruto:<\/strong> 1200 gramas.<br \/>\n<strong>Calibre\/tamanho:<\/strong> Calibre M\/G.<br \/>\n<strong>Proced\u00eancia:<\/strong> Santa Catarina.<\/p>\n<p><strong>Nota gastron\u00f4mica:<\/strong>O v\u00f4ngole t\u00eam um perfil de sabor suave, doce, salgado e ligeiramente mineral. Seu sabor pode variar dependendo do tamanho, do local onde crescem e da \u00e1gua em que vivem. As am\u00eaijoas tamb\u00e9m t\u00eam textura levemente mastig\u00e1vel e carne magra e macia.<\/p>\n<p>O v\u00f4ngole pode ser utilizado em diversos pratos, como sopas, massas e pratos fritos. Linguine com am\u00eaijoas \u00e9 uma receita popular que combina am\u00eaijoas doces e salgadas com macarr\u00e3o, flocos de pimenta vermelha e alho.<\/p>\n<p><strong>Video sugerido (Preparo):<\/strong><\/p>\n<p><a href=\"https:\/\/www.youtube.com\/watch?v=L-HJWXbZu7s\" target=\"_blank\" rel=\"noopener noreferrer\">Linguine ao v\u00f4ngole<\/a><\/p>\n","protected":false},"excerpt":{"rendered":"<p>V\u00f4ngole, Limpo, congelado, bandeja com 900 gramas<\/p>\n","protected":false},"featured_media":4581,"comment_status":"open","ping_status":"closed","template":"","meta":{"om_disable_all_campaigns":false,"inline_featured_image":false,"_monsterinsights_skip_tracking":false,"_monsterinsights_sitenote_active":false,"_monsterinsights_sitenote_note":"","_monsterinsights_sitenote_category":0,"_uf_show_specific_survey":0,"_uf_disable_surveys":false},"product_brand":[],"product_cat":[79,107],"product_tag":[],"class_list":{"0":"post-4415","1":"product","2":"type-product","3":"status-publish","4":"has-post-thumbnail","6":"product_cat-frutos-do-mar-congelado","7":"product_cat-vongole","9":"first","10":"instock","11":"sale","12":"shipping-taxable","13":"purchasable","14":"product-type-simple"},"aioseo_notices":[],"jetpack_sharing_enabled":true,"_links":{"self":[{"href":"https:\/\/www.centralfishes.com.br\/varejo\/wp-json\/wp\/v2\/product\/4415","targetHints":{"allow":["GET"]}}],"collection":[{"href":"https:\/\/www.centralfishes.com.br\/varejo\/wp-json\/wp\/v2\/product"}],"about":[{"href":"https:\/\/www.centralfishes.com.br\/varejo\/wp-json\/wp\/v2\/types\/product"}],"replies":[{"embeddable":true,"href":"https:\/\/www.centralfishes.com.br\/varejo\/wp-json\/wp\/v2\/comments?post=4415"}],"wp:featuredmedia":[{"embeddable":true,"href":"https:\/\/www.centralfishes.com.br\/varejo\/wp-json\/wp\/v2\/media\/4581"}],"wp:attachment":[{"href":"https:\/\/www.centralfishes.com.br\/varejo\/wp-json\/wp\/v2\/media?parent=4415"}],"wp:term":[{"taxonomy":"product_brand","embeddable":true,"href":"https:\/\/www.centralfishes.com.br\/varejo\/wp-json\/wp\/v2\/product_brand?post=4415"},{"taxonomy":"product_cat","embeddable":true,"href":"https:\/\/www.centralfishes.com.br\/varejo\/wp-json\/wp\/v2\/product_cat?post=4415"},{"taxonomy":"product_tag","embeddable":true,"href":"https:\/\/www.centralfishes.com.br\/varejo\/wp-json\/wp\/v2\/product_tag?post=4415"}],"curies":[{"name":"wp","href":"https:\/\/api.w.org\/{rel}","templated":true}]}}