{"id":4425,"date":"2024-09-10T20:20:48","date_gmt":"2024-09-10T20:20:48","guid":{"rendered":"https:\/\/www.centralfishes.com.br\/varejo\/?post_type=product&#038;p=4425"},"modified":"2025-02-24T00:25:47","modified_gmt":"2025-02-23T21:25:47","slug":"lagostim-congelado-900g","status":"publish","type":"product","link":"https:\/\/www.centralfishes.com.br\/varejo\/product\/lagostim-congelado-900g\/","title":{"rendered":"Lagostim, congelado, bandeja com 900 gramas"},"content":{"rendered":"<p><strong>Produto:<\/strong> Bandeja de Lagostim congelado.<br \/>\n<strong>Tamanho\/Calibre:<\/strong> M\/G, 16-20 unidades por quilogramas.<br \/>\n<strong>Processamento:<\/strong> Inteiro.<br \/>\n<strong>Porcionamento:<\/strong> 15-16 unidades em cada bandeja.<br \/>\n<strong>Peso l\u00edquido:<\/strong> 900 gramas.<br \/>\n<strong>Peso bruto:<\/strong> 1200 gramas.<br \/>\n<strong>Proced\u00eancia:<\/strong> Rio de Janeiro e S\u00e3o Paulo<\/p>\n<p><strong>Nota gastron\u00f4mica:<\/strong>O lagostim tem sabor que \u00e9 uma combina\u00e7\u00e3o de camar\u00e3o e caranguejo, pois s\u00e3o levemente salgados, um pouco doces e t\u00eam um pouco de sabor mineral. O sabor do lagostim depende, em \u00faltima an\u00e1lise, de quais partes voc\u00ea est\u00e1 comendo e de como ele foi preparado.<\/p>\n<p><strong>Video sugerido (preparo):<\/strong><\/p>\n<p><a href=\"https:\/\/www.youtube.com\/watch?v=_b_ub_UCSQc\" target=\"_blank\" rel=\"noopener noreferrer\">Como limpar o Lagotim<\/a><\/p>\n","protected":false},"excerpt":{"rendered":"<p>Lagostim, congelado, em bandeja de 400 gramas<\/p>\n","protected":false},"featured_media":4220,"comment_status":"open","ping_status":"closed","template":"","meta":{"om_disable_all_campaigns":false,"inline_featured_image":false,"_monsterinsights_skip_tracking":false,"_monsterinsights_sitenote_active":false,"_monsterinsights_sitenote_note":"","_monsterinsights_sitenote_category":0,"_uf_show_specific_survey":0,"_uf_disable_surveys":false},"product_brand":[],"product_cat":[79,110],"product_tag":[],"class_list":{"0":"post-4425","1":"product","2":"type-product","3":"status-publish","4":"has-post-thumbnail","6":"product_cat-frutos-do-mar-congelado","7":"product_cat-lagostim","9":"first","10":"instock","11":"sale","12":"shipping-taxable","13":"purchasable","14":"product-type-simple"},"aioseo_notices":[],"jetpack_sharing_enabled":true,"_links":{"self":[{"href":"https:\/\/www.centralfishes.com.br\/varejo\/wp-json\/wp\/v2\/product\/4425","targetHints":{"allow":["GET"]}}],"collection":[{"href":"https:\/\/www.centralfishes.com.br\/varejo\/wp-json\/wp\/v2\/product"}],"about":[{"href":"https:\/\/www.centralfishes.com.br\/varejo\/wp-json\/wp\/v2\/types\/product"}],"replies":[{"embeddable":true,"href":"https:\/\/www.centralfishes.com.br\/varejo\/wp-json\/wp\/v2\/comments?post=4425"}],"wp:featuredmedia":[{"embeddable":true,"href":"https:\/\/www.centralfishes.com.br\/varejo\/wp-json\/wp\/v2\/media\/4220"}],"wp:attachment":[{"href":"https:\/\/www.centralfishes.com.br\/varejo\/wp-json\/wp\/v2\/media?parent=4425"}],"wp:term":[{"taxonomy":"product_brand","embeddable":true,"href":"https:\/\/www.centralfishes.com.br\/varejo\/wp-json\/wp\/v2\/product_brand?post=4425"},{"taxonomy":"product_cat","embeddable":true,"href":"https:\/\/www.centralfishes.com.br\/varejo\/wp-json\/wp\/v2\/product_cat?post=4425"},{"taxonomy":"product_tag","embeddable":true,"href":"https:\/\/www.centralfishes.com.br\/varejo\/wp-json\/wp\/v2\/product_tag?post=4425"}],"curies":[{"name":"wp","href":"https:\/\/api.w.org\/{rel}","templated":true}]}}