{"id":5163,"date":"2025-10-17T23:13:19","date_gmt":"2025-10-17T20:13:19","guid":{"rendered":"https:\/\/www.centralfishes.com.br\/varejo\/?post_type=product&#038;p=5163"},"modified":"2025-10-17T23:21:34","modified_gmt":"2025-10-17T20:21:34","slug":"sururu-congelado-400g","status":"publish","type":"product","link":"https:\/\/www.centralfishes.com.br\/varejo\/product\/sururu-congelado-400g\/","title":{"rendered":"Sururu, Limpo, congelado em bandeja com 400 gramas"},"content":{"rendered":"<p><strong>Produto:<\/strong> Bandeja de Sururu congelado.<br \/>\n<strong>Processamento:<\/strong> Limpo.<br \/>\n<strong>Peso l\u00edquido:<\/strong> 400 gramas.<br \/>\n<strong>Peso bruto:<\/strong> 600 gramas.<br \/>\n<strong>Calibre\/tamanho:<\/strong> Calibre M\/G.<br \/>\n<strong>Proced\u00eancia:<\/strong> Esp\u00edrito Santo<\/p>\n<p><strong>Nota gastron\u00f4mica: <\/strong>O Sururu \u00e9 um molusco muito nutritivo com sabor rico, al\u00e9m de um distinto sabor salgado. A textura \u00e9 frequentemente considerada mastig\u00e1vel, mas com bom teor de prote\u00edna. Algumas fontes sugerem varia\u00e7\u00f5es com base no sexo, com as f\u00eameas sendo ligeiramente mais mastig\u00e1veis \u200b\u200be os machos tendo uma textura mais cremosa &#8211; uma surpresa para muitos \ud83d\ude42<\/p>\n<p><strong>Video sugerido (Preparo):<\/strong><\/p>\n<p><a href=\"https:\/\/www.youtube.com\/watch?v=jf-roZ7SKsw&amp;t=292s\" target=\"_blank\" rel=\"noopener noreferrer\">Caldo de Sururu da Bahia<\/a><\/p>\n","protected":false},"excerpt":{"rendered":"<p>Sururu, Limpo, congelado, em bandeja com 400 gramas<\/p>\n","protected":false},"featured_media":4582,"comment_status":"open","ping_status":"closed","template":"","meta":{"om_disable_all_campaigns":false,"inline_featured_image":false,"_monsterinsights_skip_tracking":false,"_monsterinsights_sitenote_active":false,"_monsterinsights_sitenote_note":"","_monsterinsights_sitenote_category":0,"_uf_show_specific_survey":0,"_uf_disable_surveys":false},"product_brand":[],"product_cat":[79,125],"product_tag":[],"class_list":{"0":"post-5163","1":"product","2":"type-product","3":"status-publish","4":"has-post-thumbnail","6":"product_cat-frutos-do-mar-congelado","7":"product_cat-sururu","9":"first","10":"instock","11":"sale","12":"shipping-taxable","13":"purchasable","14":"product-type-simple"},"aioseo_notices":[],"jetpack_sharing_enabled":true,"_links":{"self":[{"href":"https:\/\/www.centralfishes.com.br\/varejo\/wp-json\/wp\/v2\/product\/5163","targetHints":{"allow":["GET"]}}],"collection":[{"href":"https:\/\/www.centralfishes.com.br\/varejo\/wp-json\/wp\/v2\/product"}],"about":[{"href":"https:\/\/www.centralfishes.com.br\/varejo\/wp-json\/wp\/v2\/types\/product"}],"replies":[{"embeddable":true,"href":"https:\/\/www.centralfishes.com.br\/varejo\/wp-json\/wp\/v2\/comments?post=5163"}],"wp:featuredmedia":[{"embeddable":true,"href":"https:\/\/www.centralfishes.com.br\/varejo\/wp-json\/wp\/v2\/media\/4582"}],"wp:attachment":[{"href":"https:\/\/www.centralfishes.com.br\/varejo\/wp-json\/wp\/v2\/media?parent=5163"}],"wp:term":[{"taxonomy":"product_brand","embeddable":true,"href":"https:\/\/www.centralfishes.com.br\/varejo\/wp-json\/wp\/v2\/product_brand?post=5163"},{"taxonomy":"product_cat","embeddable":true,"href":"https:\/\/www.centralfishes.com.br\/varejo\/wp-json\/wp\/v2\/product_cat?post=5163"},{"taxonomy":"product_tag","embeddable":true,"href":"https:\/\/www.centralfishes.com.br\/varejo\/wp-json\/wp\/v2\/product_tag?post=5163"}],"curies":[{"name":"wp","href":"https:\/\/api.w.org\/{rel}","templated":true}]}}