{"id":5177,"date":"2026-01-13T00:01:07","date_gmt":"2026-01-12T21:01:07","guid":{"rendered":"https:\/\/www.centralfishes.com.br\/varejo\/?post_type=product&#038;p=5177"},"modified":"2026-01-13T00:18:27","modified_gmt":"2026-01-12T21:18:27","slug":"ikura-ovas-salmao-200g","status":"publish","type":"product","link":"https:\/\/www.centralfishes.com.br\/varejo\/product\/ikura-ovas-salmao-200g\/","title":{"rendered":"Ikura &#8211; Ovas de salm\u00e3o, bandeja com 200 gramas"},"content":{"rendered":"<p><strong>Produto:<\/strong> Bandeja de Ovas de Salm\u00e3o (Ikura), congelado.<br \/>\n<strong>Processamento:<\/strong> Limpo.<br \/>\n<strong>Peso l\u00edquido:<\/strong> 200 gramas.<br \/>\n<strong>Peso bruto:<\/strong> 250 gramas.<br \/>\n<strong>Proced\u00eancia:<\/strong> Importado (USA).<\/p>\n<p><strong>Nota gastron\u00f4mica: <\/strong>As ovas de salm\u00e3o (ikura)<\/strong> s\u00e3o esferas transl\u00facidas de cor laranja-avermelhada vibrante, apreciadas como iguaria por seu sabor rico e salgado, sutilmente adocicado e textura \u00fanica que proporciona um estalo satisfat\u00f3rio ao serem consumidas, liberando um l\u00edquido fresco como o oceano. Utilizadas na culin\u00e1ria japonesa (sushi\/sashimi) e em outros pratos, elas oferecem apelo visual, uma textura firme, por\u00e9m delicada, e um toque final de umami, tornando-as um complemento luxuoso para as receitas.<\/p>\n<p><strong>Video sugerido (Informativo):<\/strong><\/p>\n<p><a href=\"https:\/\/www.youtube.com\/watch?v=rH46QuEhTKc&#038;t=5s\" target=\"_blank\" rel=\"noopener noreferrer\">Como preparar ovas de salm\u00e3o &#8211; video em ingl\u00eas<\/a><\/p>\n","protected":false},"excerpt":{"rendered":"<p>Ovas de ouri\u00e7o de salm\u00e3o (IkurA), congelado, em bandeja de 200 gramas.<\/p>\n","protected":false},"featured_media":5178,"comment_status":"open","ping_status":"closed","template":"","meta":{"om_disable_all_campaigns":false,"inline_featured_image":false,"_monsterinsights_skip_tracking":false,"_monsterinsights_sitenote_active":false,"_monsterinsights_sitenote_note":"","_monsterinsights_sitenote_category":0,"_uf_show_specific_survey":0,"_uf_disable_surveys":false},"product_brand":[],"product_cat":[58,126],"product_tag":[],"class_list":{"0":"post-5177","1":"product","2":"type-product","3":"status-publish","4":"has-post-thumbnail","6":"product_cat-frutos-do-mar-frescos","7":"product_cat-ovas-de-salmao","9":"first","10":"instock","11":"sale","12":"shipping-taxable","13":"purchasable","14":"product-type-simple"},"aioseo_notices":[],"jetpack_sharing_enabled":true,"_links":{"self":[{"href":"https:\/\/www.centralfishes.com.br\/varejo\/wp-json\/wp\/v2\/product\/5177","targetHints":{"allow":["GET"]}}],"collection":[{"href":"https:\/\/www.centralfishes.com.br\/varejo\/wp-json\/wp\/v2\/product"}],"about":[{"href":"https:\/\/www.centralfishes.com.br\/varejo\/wp-json\/wp\/v2\/types\/product"}],"replies":[{"embeddable":true,"href":"https:\/\/www.centralfishes.com.br\/varejo\/wp-json\/wp\/v2\/comments?post=5177"}],"wp:featuredmedia":[{"embeddable":true,"href":"https:\/\/www.centralfishes.com.br\/varejo\/wp-json\/wp\/v2\/media\/5178"}],"wp:attachment":[{"href":"https:\/\/www.centralfishes.com.br\/varejo\/wp-json\/wp\/v2\/media?parent=5177"}],"wp:term":[{"taxonomy":"product_brand","embeddable":true,"href":"https:\/\/www.centralfishes.com.br\/varejo\/wp-json\/wp\/v2\/product_brand?post=5177"},{"taxonomy":"product_cat","embeddable":true,"href":"https:\/\/www.centralfishes.com.br\/varejo\/wp-json\/wp\/v2\/product_cat?post=5177"},{"taxonomy":"product_tag","embeddable":true,"href":"https:\/\/www.centralfishes.com.br\/varejo\/wp-json\/wp\/v2\/product_tag?post=5177"}],"curies":[{"name":"wp","href":"https:\/\/api.w.org\/{rel}","templated":true}]}}