{"id":5187,"date":"2026-01-22T20:24:22","date_gmt":"2026-01-22T17:24:22","guid":{"rendered":"https:\/\/www.centralfishes.com.br\/varejo\/?post_type=product&#038;p=5187"},"modified":"2026-01-22T21:35:47","modified_gmt":"2026-01-22T18:35:47","slug":"raspa-salmao-900g","status":"publish","type":"product","link":"https:\/\/www.centralfishes.com.br\/varejo\/product\/raspa-salmao-900g\/","title":{"rendered":"Raspa (Polpa) de Salm\u00e3o congelado, bandeja com 900 gramas"},"content":{"rendered":"<p><strong>Produto:<\/strong> Bandeja de raspa de salm\u00e3o congelado.<br \/>\n<strong>Processamento:<\/strong> Produto procedente da carne de salmao extra\u00eddo de sua espinhal dorsal e outras espinhas do salm\u00e3o. Nao inclui cartilagens.<br \/>\n<strong>Peso l\u00edquido:<\/strong> 900 gramas.<br \/>\n<strong>Peso bruto:<\/strong> 1100 gramas.<br \/>\n<strong>Porcionamento:<\/strong> 2 (por\u00e7\u00f5es).<br \/>\n<strong>Esp\u00e9cie\/Nome cient\u00edfico:<\/strong> Salmo salar.<br \/>\n<strong>Proced\u00eancia:<\/strong> Puerto Montt, Chile.<br \/>\n<strong>Nota gastron\u00f4mica:<\/strong> De modo geral, o salm\u00e3o tem um sabor suave, mas distinto, que costuma ser descrito como amanteigado, rico e levemente adocicado. Algumas esp\u00e9cies de salm\u00e3o podem ter um sabor mais forte e robusto, enquanto outras, como o salm\u00e3o Coho e o salm\u00e3o rosa, t\u00eam um sabor mais suave.<br \/>\n<strong>Video sugerido (receita):<\/strong><br \/>\n<a href=\"https:\/\/www.youtube.com\/shorts\/5hzW7KXmQ-M\" target=\"_blank\" rel=\"noopener noreferrer\">Tartar de salm\u00e3o<\/a><\/p>\n","protected":false},"excerpt":{"rendered":"<p>Bandeja de raspa\/polpa de salm\u00e3o congelado com 900 gramas.<\/p>\n","protected":false},"featured_media":5188,"comment_status":"open","ping_status":"closed","template":"","meta":{"om_disable_all_campaigns":false,"inline_featured_image":false,"_monsterinsights_skip_tracking":false,"_monsterinsights_sitenote_active":false,"_monsterinsights_sitenote_note":"","_monsterinsights_sitenote_category":0,"_uf_show_specific_survey":0,"_uf_disable_surveys":false},"product_brand":[],"product_cat":[78,90],"product_tag":[],"class_list":{"0":"post-5187","1":"product","2":"type-product","3":"status-publish","4":"has-post-thumbnail","6":"product_cat-peixes-congelados","7":"product_cat-salmao","9":"first","10":"instock","11":"sale","12":"shipping-taxable","13":"purchasable","14":"product-type-simple"},"aioseo_notices":[],"jetpack_sharing_enabled":true,"_links":{"self":[{"href":"https:\/\/www.centralfishes.com.br\/varejo\/wp-json\/wp\/v2\/product\/5187","targetHints":{"allow":["GET"]}}],"collection":[{"href":"https:\/\/www.centralfishes.com.br\/varejo\/wp-json\/wp\/v2\/product"}],"about":[{"href":"https:\/\/www.centralfishes.com.br\/varejo\/wp-json\/wp\/v2\/types\/product"}],"replies":[{"embeddable":true,"href":"https:\/\/www.centralfishes.com.br\/varejo\/wp-json\/wp\/v2\/comments?post=5187"}],"wp:featuredmedia":[{"embeddable":true,"href":"https:\/\/www.centralfishes.com.br\/varejo\/wp-json\/wp\/v2\/media\/5188"}],"wp:attachment":[{"href":"https:\/\/www.centralfishes.com.br\/varejo\/wp-json\/wp\/v2\/media?parent=5187"}],"wp:term":[{"taxonomy":"product_brand","embeddable":true,"href":"https:\/\/www.centralfishes.com.br\/varejo\/wp-json\/wp\/v2\/product_brand?post=5187"},{"taxonomy":"product_cat","embeddable":true,"href":"https:\/\/www.centralfishes.com.br\/varejo\/wp-json\/wp\/v2\/product_cat?post=5187"},{"taxonomy":"product_tag","embeddable":true,"href":"https:\/\/www.centralfishes.com.br\/varejo\/wp-json\/wp\/v2\/product_tag?post=5187"}],"curies":[{"name":"wp","href":"https:\/\/api.w.org\/{rel}","templated":true}]}}