{"id":5191,"date":"2026-02-02T22:53:27","date_gmt":"2026-02-02T19:53:27","guid":{"rendered":"https:\/\/www.centralfishes.com.br\/varejo\/?post_type=product&#038;p=5191"},"modified":"2026-02-02T23:12:53","modified_gmt":"2026-02-02T20:12:53","slug":"massago-ovas-capelim","status":"publish","type":"product","link":"https:\/\/www.centralfishes.com.br\/varejo\/product\/massago-ovas-capelim\/","title":{"rendered":"Massago &#8211; Ovas do peixe capelim, bandeja com 100 gramas"},"content":{"rendered":"<p><strong>Produto:<\/strong> Bandeja de Ovas de peixe capelim (Mallotus villosus).<br \/>\n<strong>Processamento:<\/strong> Congelado<br \/>\n<strong>Peso l\u00edquido:<\/strong> 100 gramas.<br \/>\n<strong>Peso bruto:<\/strong> 150 gramas.<br \/>\n<strong>Proced\u00eancia:<\/strong> Importado.<\/p>\n<p><strong>Nota nutricional:<\/strong> Menores que o tobiko (ovas do peixe voador), essas ovas s\u00e3o ricas em prote\u00ednas, \u00f4mega-3 e sel\u00eanio, sendo vers\u00e1teis para saladas e molhos.<br \/>\n<strong>Video sugerido (receita):<\/strong><br \/>\n<a href=\"https:\/\/www.youtube.com\/watch?v=g-8ZQKVoXDs\" target=\"_blank\" rel=\"noopener noreferrer\">Sushi de salm\u00e3o com gema de ovo de codorna e ovas de capelim (massago) &#8211; Chef Fabiano<\/a><\/p>\n","protected":false},"excerpt":{"rendered":"<p>Ovas de peixe capelim (Massago) em bandeja com 100 gramas, congelado.<\/p>\n","protected":false},"featured_media":5192,"comment_status":"open","ping_status":"closed","template":"","meta":{"om_disable_all_campaigns":false,"inline_featured_image":false,"_monsterinsights_skip_tracking":false,"_monsterinsights_sitenote_active":false,"_monsterinsights_sitenote_note":"","_monsterinsights_sitenote_category":0,"_uf_show_specific_survey":0,"_uf_disable_surveys":false},"product_brand":[],"product_cat":[58,127],"product_tag":[],"class_list":{"0":"post-5191","1":"product","2":"type-product","3":"status-publish","4":"has-post-thumbnail","6":"product_cat-frutos-do-mar-frescos","7":"product_cat-ovas-de-capelim","9":"first","10":"instock","11":"sale","12":"shipping-taxable","13":"purchasable","14":"product-type-simple"},"aioseo_notices":[],"jetpack_sharing_enabled":true,"_links":{"self":[{"href":"https:\/\/www.centralfishes.com.br\/varejo\/wp-json\/wp\/v2\/product\/5191","targetHints":{"allow":["GET"]}}],"collection":[{"href":"https:\/\/www.centralfishes.com.br\/varejo\/wp-json\/wp\/v2\/product"}],"about":[{"href":"https:\/\/www.centralfishes.com.br\/varejo\/wp-json\/wp\/v2\/types\/product"}],"replies":[{"embeddable":true,"href":"https:\/\/www.centralfishes.com.br\/varejo\/wp-json\/wp\/v2\/comments?post=5191"}],"wp:featuredmedia":[{"embeddable":true,"href":"https:\/\/www.centralfishes.com.br\/varejo\/wp-json\/wp\/v2\/media\/5192"}],"wp:attachment":[{"href":"https:\/\/www.centralfishes.com.br\/varejo\/wp-json\/wp\/v2\/media?parent=5191"}],"wp:term":[{"taxonomy":"product_brand","embeddable":true,"href":"https:\/\/www.centralfishes.com.br\/varejo\/wp-json\/wp\/v2\/product_brand?post=5191"},{"taxonomy":"product_cat","embeddable":true,"href":"https:\/\/www.centralfishes.com.br\/varejo\/wp-json\/wp\/v2\/product_cat?post=5191"},{"taxonomy":"product_tag","embeddable":true,"href":"https:\/\/www.centralfishes.com.br\/varejo\/wp-json\/wp\/v2\/product_tag?post=5191"}],"curies":[{"name":"wp","href":"https:\/\/api.w.org\/{rel}","templated":true}]}}