{"id":5193,"date":"2026-02-02T23:13:52","date_gmt":"2026-02-02T20:13:52","guid":{"rendered":"https:\/\/www.centralfishes.com.br\/varejo\/?post_type=product&#038;p=5193"},"modified":"2026-02-02T23:22:56","modified_gmt":"2026-02-02T20:22:56","slug":"tobiko-ovas-100g","status":"publish","type":"product","link":"https:\/\/www.centralfishes.com.br\/varejo\/product\/tobiko-ovas-100g\/","title":{"rendered":"Tobiko &#8211; Ovas do peixe voador, bandeja com 100 gramas"},"content":{"rendered":"<p><strong>Produto:<\/strong> Bandeja de Ovas do peixe voador (Mallotus villosus).<br \/>\n<strong>Processamento:<\/strong> Congelado<br \/>\n<strong>Peso l\u00edquido:<\/strong> 100 gramas.<br \/>\n<strong>Peso bruto:<\/strong> 150 gramas.<br \/>\n<strong>Proced\u00eancia:<\/strong> Natal &#8211; RN<\/p>\n<p><strong>Nota gastrin\u00f4mica:<\/strong> Salgado, defumado e levemente adocicado, com uma textura delicada e crocante.<br \/>\n<strong>Video sugerido (informativo):<\/strong><br \/>\n<a href=\"https:\/\/www.youtube.com\/shorts\/t-Iskd7ztWc\" target=\"_blank\" rel=\"noopener noreferrer\">Compara\u00e7\u00e3o entre tobiko e massago &#8211; v\u00eddeo em ingl\u00eas<\/a><\/p>\n","protected":false},"excerpt":{"rendered":"<p>Ovas do peixe voador (Tobiko) em bandeja com 100 gramas, congelado.<\/p>\n","protected":false},"featured_media":5194,"comment_status":"open","ping_status":"closed","template":"","meta":{"om_disable_all_campaigns":false,"inline_featured_image":false,"_monsterinsights_skip_tracking":false,"_monsterinsights_sitenote_active":false,"_monsterinsights_sitenote_note":"","_monsterinsights_sitenote_category":0,"_uf_show_specific_survey":0,"_uf_disable_surveys":false},"product_brand":[],"product_cat":[58,128],"product_tag":[],"class_list":{"0":"post-5193","1":"product","2":"type-product","3":"status-publish","4":"has-post-thumbnail","6":"product_cat-frutos-do-mar-frescos","7":"product_cat-tobiko-ovas-peixe-voador","9":"first","10":"instock","11":"sale","12":"shipping-taxable","13":"purchasable","14":"product-type-simple"},"aioseo_notices":[],"jetpack_sharing_enabled":true,"_links":{"self":[{"href":"https:\/\/www.centralfishes.com.br\/varejo\/wp-json\/wp\/v2\/product\/5193","targetHints":{"allow":["GET"]}}],"collection":[{"href":"https:\/\/www.centralfishes.com.br\/varejo\/wp-json\/wp\/v2\/product"}],"about":[{"href":"https:\/\/www.centralfishes.com.br\/varejo\/wp-json\/wp\/v2\/types\/product"}],"replies":[{"embeddable":true,"href":"https:\/\/www.centralfishes.com.br\/varejo\/wp-json\/wp\/v2\/comments?post=5193"}],"wp:featuredmedia":[{"embeddable":true,"href":"https:\/\/www.centralfishes.com.br\/varejo\/wp-json\/wp\/v2\/media\/5194"}],"wp:attachment":[{"href":"https:\/\/www.centralfishes.com.br\/varejo\/wp-json\/wp\/v2\/media?parent=5193"}],"wp:term":[{"taxonomy":"product_brand","embeddable":true,"href":"https:\/\/www.centralfishes.com.br\/varejo\/wp-json\/wp\/v2\/product_brand?post=5193"},{"taxonomy":"product_cat","embeddable":true,"href":"https:\/\/www.centralfishes.com.br\/varejo\/wp-json\/wp\/v2\/product_cat?post=5193"},{"taxonomy":"product_tag","embeddable":true,"href":"https:\/\/www.centralfishes.com.br\/varejo\/wp-json\/wp\/v2\/product_tag?post=5193"}],"curies":[{"name":"wp","href":"https:\/\/api.w.org\/{rel}","templated":true}]}}