{"id":5208,"date":"2026-03-31T18:18:10","date_gmt":"2026-03-31T15:18:10","guid":{"rendered":"https:\/\/www.centralfishes.com.br\/varejo\/?post_type=product&#038;p=5208"},"modified":"2026-03-31T18:36:32","modified_gmt":"2026-03-31T15:36:32","slug":"haddock-defumado-400g","status":"publish","type":"product","link":"https:\/\/www.centralfishes.com.br\/varejo\/product\/haddock-defumado-400g\/","title":{"rendered":"Haddock defumado, bandeja com 400 gramas"},"content":{"rendered":"<p><strong>Produto:<\/strong> Bandeja de Haddock defumado<br \/>\n<strong>Processamento:<\/strong> Congelado\/defumado<br \/>\n<strong>Peso l\u00edquido:<\/strong> 400 gramas.<br \/>\n<strong>Peso bruto:<\/strong> 500 gramas.<br \/>\n<strong>Proced\u00eancia:<\/strong> Importado.<\/p>\n<p><strong>Nota gastrin\u00f4mica:<\/strong> O hadoque defumado \u00e9 um peixe branco com textura firme, por\u00e9m delicada, caracterizado por um sabor suave, adocicado e defumado. Geralmente salgado e defumado em madeira de faia ou carvalho, costuma apresentar uma cor natural que varia do dourado claro ao amarelo, ou um amarelo vibrante se tingido. \u00c9 um ingrediente vers\u00e1til e rico em prote\u00ednas, ideal para cozinhar em \u00e1gua fervente, defumar ou usar em pratos como kedgeree e torta de peixe.<\/p>\n<p><strong>Video sugerido (informativo):<\/strong><br \/>\n<a href=\"https:\/\/www.youtube.com\/watch?v=paVu5X-fMdw\" target=\"_blank\" rel=\"noopener noreferrer\">Haddock defumado: receita &#8211; v\u00eddeo em ingl\u00eas<\/a><\/p>\n","protected":false},"excerpt":{"rendered":"<p>Haddock defumado em bandeja com 400 gramas, congelado.<\/p>\n","protected":false},"featured_media":5210,"comment_status":"open","ping_status":"closed","template":"","meta":{"om_disable_all_campaigns":false,"inline_featured_image":false,"_monsterinsights_skip_tracking":false,"_monsterinsights_sitenote_active":false,"_monsterinsights_sitenote_note":"","_monsterinsights_sitenote_category":0,"_uf_show_specific_survey":0,"_uf_disable_surveys":false},"product_brand":[],"product_cat":[129],"product_tag":[],"class_list":{"0":"post-5208","1":"product","2":"type-product","3":"status-publish","4":"has-post-thumbnail","6":"product_cat-defumado","8":"first","9":"instock","10":"sale","11":"shipping-taxable","12":"purchasable","13":"product-type-simple"},"aioseo_notices":[],"jetpack_sharing_enabled":true,"_links":{"self":[{"href":"https:\/\/www.centralfishes.com.br\/varejo\/wp-json\/wp\/v2\/product\/5208","targetHints":{"allow":["GET"]}}],"collection":[{"href":"https:\/\/www.centralfishes.com.br\/varejo\/wp-json\/wp\/v2\/product"}],"about":[{"href":"https:\/\/www.centralfishes.com.br\/varejo\/wp-json\/wp\/v2\/types\/product"}],"replies":[{"embeddable":true,"href":"https:\/\/www.centralfishes.com.br\/varejo\/wp-json\/wp\/v2\/comments?post=5208"}],"wp:featuredmedia":[{"embeddable":true,"href":"https:\/\/www.centralfishes.com.br\/varejo\/wp-json\/wp\/v2\/media\/5210"}],"wp:attachment":[{"href":"https:\/\/www.centralfishes.com.br\/varejo\/wp-json\/wp\/v2\/media?parent=5208"}],"wp:term":[{"taxonomy":"product_brand","embeddable":true,"href":"https:\/\/www.centralfishes.com.br\/varejo\/wp-json\/wp\/v2\/product_brand?post=5208"},{"taxonomy":"product_cat","embeddable":true,"href":"https:\/\/www.centralfishes.com.br\/varejo\/wp-json\/wp\/v2\/product_cat?post=5208"},{"taxonomy":"product_tag","embeddable":true,"href":"https:\/\/www.centralfishes.com.br\/varejo\/wp-json\/wp\/v2\/product_tag?post=5208"}],"curies":[{"name":"wp","href":"https:\/\/api.w.org\/{rel}","templated":true}]}}